{"id":746,"date":"2022-02-07T16:32:01","date_gmt":"2022-02-07T16:32:01","guid":{"rendered":"http:\/\/v2h.2a7.mywebsitetransfer.com\/?page_id=746"},"modified":"2022-02-15T19:15:00","modified_gmt":"2022-02-15T19:15:00","slug":"proyectos","status":"publish","type":"page","link":"https:\/\/comtrade.es\/es\/proyectos\/","title":{"rendered":"Proyectos | Comtrade \u2013 JL5 Gesti\u00f3n Internacional\u00a0"},"content":{"rendered":"\t\t<div data-elementor-type=\"wp-page\" data-elementor-id=\"746\" class=\"elementor elementor-746\">\n\t\t\t\t\t\t<section class=\"elementor-section elementor-top-section elementor-element elementor-element-61b08d77 elementor-section-content-middle elementor-section-boxed elementor-section-height-default elementor-section-height-default\" data-id=\"61b08d77\" data-element_type=\"section\" data-e-type=\"section\" data-settings=\"{&quot;background_background&quot;:&quot;classic&quot;}\">\n\t\t\t\t\t\t<div class=\"elementor-container elementor-column-gap-no\">\n\t\t\t\t\t<div class=\"elementor-column elementor-col-50 elementor-top-column elementor-element elementor-element-7ea84054\" data-id=\"7ea84054\" data-element_type=\"column\" data-e-type=\"column\">\n\t\t\t<div class=\"elementor-widget-wrap elementor-element-populated\">\n\t\t\t\t\t\t<div class=\"elementor-element elementor-element-27d91874 elementor-widget-mobile__width-inherit elementor-widget elementor-widget-heading\" data-id=\"27d91874\" data-element_type=\"widget\" data-e-type=\"widget\" data-widget_type=\"heading.default\">\n\t\t\t\t<div class=\"elementor-widget-container\">\n\t\t\t\t\t<h1 class=\"elementor-heading-title elementor-size-default\">Proyectos<\/h1>\t\t\t\t<\/div>\n\t\t\t\t<\/div>\n\t\t\t\t\t<\/div>\n\t\t<\/div>\n\t\t\t\t<div class=\"elementor-column elementor-col-50 elementor-top-column elementor-element elementor-element-6218c7b7\" data-id=\"6218c7b7\" data-element_type=\"column\" data-e-type=\"column\">\n\t\t\t<div class=\"elementor-widget-wrap elementor-element-populated\">\n\t\t\t\t\t\t<div class=\"elementor-element elementor-element-2a1b5128 elementor-widget elementor-widget-image\" data-id=\"2a1b5128\" data-element_type=\"widget\" data-e-type=\"widget\" data-widget_type=\"image.default\">\n\t\t\t\t<div class=\"elementor-widget-container\">\n\t\t\t\t\t\t\t\t\t\t\t\t\t\t\t<img fetchpriority=\"high\" decoding=\"async\" width=\"700\" height=\"372\" src=\"http:\/\/comtrade.es\/wp-content\/uploads\/2022\/02\/Puente-Turqui\u0301-JL5-Gestio\u0301n-Internacional.jpg\" class=\"attachment-large size-large wp-image-1309\" alt=\"\" srcset=\"http:\/\/comtrade.es\/wp-content\/uploads\/2022\/02\/Puente-Turqui\u0301-JL5-Gestio\u0301n-Internacional.jpg 700w, http:\/\/comtrade.es\/wp-content\/uploads\/2022\/02\/Puente-Turqui\u0301-JL5-Gestio\u0301n-Internacional-300x159.jpg 300w, http:\/\/comtrade.es\/wp-content\/uploads\/2022\/02\/Puente-Turqui\u0301-JL5-Gestio\u0301n-Internacional-18x10.jpg 18w\" sizes=\"(max-width: 700px) 100vw, 700px\" \/>\t\t\t\t\t\t\t\t\t\t\t\t\t\t\t<\/div>\n\t\t\t\t<\/div>\n\t\t\t\t\t<\/div>\n\t\t<\/div>\n\t\t\t\t\t<\/div>\n\t\t<\/section>\n\t\t\t\t<section class=\"elementor-section elementor-top-section elementor-element elementor-element-90c91a9 elementor-section-boxed elementor-section-height-default elementor-section-height-default\" data-id=\"90c91a9\" data-element_type=\"section\" data-e-type=\"section\">\n\t\t\t\t\t\t<div class=\"elementor-container elementor-column-gap-default\">\n\t\t\t\t\t<div class=\"elementor-column elementor-col-100 elementor-top-column elementor-element elementor-element-e914d90\" data-id=\"e914d90\" data-element_type=\"column\" data-e-type=\"column\">\n\t\t\t<div class=\"elementor-widget-wrap elementor-element-populated\">\n\t\t\t\t\t\t<div class=\"elementor-element elementor-element-07e9dbe elementor-widget elementor-widget-text-editor\" data-id=\"07e9dbe\" data-element_type=\"widget\" data-e-type=\"widget\" data-widget_type=\"text-editor.default\">\n\t\t\t\t<div class=\"elementor-widget-container\">\n\t\t\t\t\t\t\t\t\t<ul>\n \t<li>Estudio de Mercado del Sector de la Fundici\u00f3n de Aluminio en (Alemania \/2.000)<\/li>\n<\/ul>\n<ul>\n \t<li>Implantaci\u00f3n de la Red de Distribuci\u00f3n de Rectificadoras (Inglaterra y Francia\/2,001)<\/li>\n<\/ul>\n<ul>\n \t<li>Desarrollo y Venta de Maquinaria especial :<\/li>\n<\/ul>\n<ul>\n \t<li style=\"list-style-type: none;\">\n<ul>\n \t<li>Rectificadora especial de superficies planas con Control de presi\u00f3n Muela\/Pieza, (Francia\/2.001)<\/li>\n \t<li>Rectificadora especial cil\u00edndrica con Control de estado superficial de pieza (Inglaterra\/2.002)<\/li>\n \t<li>Fresadoras p\u00f3rtico con integraci\u00f3n de Sistemas de Soldadura por Fricci\u00f3n (Espa\u00f1a\/2.006<\/li>\n \t<li>Centro de Mecanizado p\u00f3rtico para el mecanizado robotizado de piezas irregulares (Francia\/2.007)<\/li>\n<\/ul>\n<\/li>\n<\/ul>\n<ul>\n \t<li>Captaci\u00f3n de socios productivos para fabricaci\u00f3n de film de polietileno (Brasil\/2.009)<\/li>\n<\/ul>\n<ul>\n \t<li>Implantaci\u00f3n de la Red de Ventas de film de polietileno (Alemania\/2011)<\/li>\n<\/ul>\n<ul>\n \t<li>Estudio de las Redes de Distribuci\u00f3n de venta de Tubos y Perfiles de Acero (Alemania\/ 2013)<\/li>\n<\/ul>\n<ul>\n \t<li>Captaci\u00f3n de Agentes comerciales para la venta de Tubos y Perfiles de Acero (Alemania\/ 2013)<\/li>\n<\/ul>\n\n<ul>\n \t<li>Localizaci\u00f3n de la Red de Distribuci\u00f3n para la venta de motores el\u00e9ctricos ( Italia \/2012 \u2026Francia\/2.012 \u2026 Alemania\/2.014)<\/li>\n<\/ul>\n\n<ul>\n \t<li>Resoluci\u00f3n problem\u00e1tica arancelaria importaci\u00f3n productos metal\u00fargicos de China (Espa\u00f1a\/2012)<\/li>\n<\/ul>\n\n<ul>\n \t<li>Campa\u00f1a de Captaci\u00f3n de clientes para tratamientos superficiales (Francia\/2013 \u2026 Alemania\/2013)<\/li>\n<\/ul>\n\n<ul>\n \t<li>Campa\u00f1a de Captaci\u00f3n de clientes para Calderer\u00eda Pesada (Chequia\/2013 \u2026 Francia\/2.014 \u2026 Alemania\/2.014)<\/li>\n<\/ul>\n\n<ul>\n \t<li>Organizaci\u00f3n del Dpto Exportaci\u00f3n para empresa Fabricante de Motores El\u00e9ctricos (Espa\u00f1a\/2012-2014)<\/li>\n<\/ul>\n\n<ul>\n \t<li>Campa\u00f1a de Captaci\u00f3n de clientes para la venta de Fundici\u00f3n de Aluminio (Francia 2013 \/ \u2026 Alemania\/2.014)<\/li>\n<\/ul>\t\t\t\t\t\t\t\t<\/div>\n\t\t\t\t<\/div>\n\t\t\t\t\t<\/div>\n\t\t<\/div>\n\t\t\t\t\t<\/div>\n\t\t<\/section>\n\t\t\t\t<\/div>\n\t\t","protected":false},"excerpt":{"rendered":"<p>Proyectos Estudio de Mercado del Sector de la Fundici\u00f3n de Aluminio en (Alemania \/2.000) Implantaci\u00f3n de la Red de Distribuci\u00f3n de Rectificadoras (Inglaterra y Francia\/2,001) Desarrollo y Venta de Maquinaria especial : Rectificadora especial de superficies planas con Control de presi\u00f3n Muela\/Pieza, (Francia\/2.001) Rectificadora especial cil\u00edndrica con Control de estado superficial de pieza (Inglaterra\/2.002) Fresadoras [&hellip;]<\/p>\n","protected":false},"author":1,"featured_media":0,"parent":0,"menu_order":0,"comment_status":"closed","ping_status":"closed","template":"","meta":{"_coblocks_attr":"","_coblocks_dimensions":"","_coblocks_responsive_height":"","_coblocks_accordion_ie_support":"","site-sidebar-layout":"no-sidebar","site-content-layout":"page-builder","ast-site-content-layout":"default","site-content-style":"default","site-sidebar-style":"default","ast-global-header-display":"","ast-banner-title-visibility":"","ast-main-header-display":"","ast-hfb-above-header-display":"","ast-hfb-below-header-display":"","ast-hfb-mobile-header-display":"","site-post-title":"disabled","ast-breadcrumbs-content":"","ast-featured-img":"disabled","footer-sml-layout":"","ast-disable-related-posts":"","theme-transparent-header-meta":"","adv-header-id-meta":"","stick-header-meta":"","header-above-stick-meta":"","header-main-stick-meta":"","header-below-stick-meta":"","astra-migrate-meta-layouts":"default","ast-page-background-enabled":"default","ast-page-background-meta":{"desktop":{"background-color":"","background-image":"","background-repeat":"repeat","background-position":"center center","background-size":"auto","background-attachment":"scroll","background-type":"","background-media":"","overlay-type":"","overlay-color":"","overlay-opacity":"","overlay-gradient":""},"tablet":{"background-color":"","background-image":"","background-repeat":"repeat","background-position":"center center","background-size":"auto","background-attachment":"scroll","background-type":"","background-media":"","overlay-type":"","overlay-color":"","overlay-opacity":"","overlay-gradient":""},"mobile":{"background-color":"","background-image":"","background-repeat":"repeat","background-position":"center center","background-size":"auto","background-attachment":"scroll","background-type":"","background-media":"","overlay-type":"","overlay-color":"","overlay-opacity":"","overlay-gradient":""}},"ast-content-background-meta":{"desktop":{"background-color":"var(--ast-global-color-5)","background-image":"","background-repeat":"repeat","background-position":"center center","background-size":"auto","background-attachment":"scroll","background-type":"","background-media":"","overlay-type":"","overlay-color":"","overlay-opacity":"","overlay-gradient":""},"tablet":{"background-color":"var(--ast-global-color-5)","background-image":"","background-repeat":"repeat","background-position":"center center","background-size":"auto","background-attachment":"scroll","background-type":"","background-media":"","overlay-type":"","overlay-color":"","overlay-opacity":"","overlay-gradient":""},"mobile":{"background-color":"var(--ast-global-color-5)","background-image":"","background-repeat":"repeat","background-position":"center center","background-size":"auto","background-attachment":"scroll","background-type":"","background-media":"","overlay-type":"","overlay-color":"","overlay-opacity":"","overlay-gradient":""}},"footnotes":""},"class_list":["post-746","page","type-page","status-publish","hentry"],"yoast_head":"<!-- This site is optimized with the Yoast SEO plugin v27.3 - https:\/\/yoast.com\/product\/yoast-seo-wordpress\/ -->\n<title>Proyectos | Comtrade \u2013 JL5 Gesti\u00f3n Internacional\u00a0 *<\/title>\n<meta name=\"description\" content=\"Conoce cronol\u00f3gicamente aquellos proyectos de gesti\u00f3n internacional, marketing y ventas desempe\u00f1ados por JL5 Gesti\u00f3n Internacional.\" \/>\n<meta name=\"robots\" content=\"index, follow, max-snippet:-1, max-image-preview:large, max-video-preview:-1\" \/>\n<link rel=\"canonical\" href=\"http:\/\/comtrade.es\/es\/proyectos\/\" \/>\n<meta property=\"og:locale\" content=\"es_ES\" \/>\n<meta property=\"og:type\" content=\"article\" \/>\n<meta property=\"og:title\" content=\"Proyectos | Comtrade \u2013 JL5 Gesti\u00f3n Internacional\u00a0 *\" \/>\n<meta property=\"og:description\" content=\"Conoce cronol\u00f3gicamente aquellos proyectos de gesti\u00f3n internacional, marketing y ventas desempe\u00f1ados por JL5 Gesti\u00f3n Internacional.\" \/>\n<meta property=\"og:url\" content=\"http:\/\/comtrade.es\/es\/proyectos\/\" \/>\n<meta property=\"article:modified_time\" content=\"2022-02-15T19:15:00+00:00\" \/>\n<meta name=\"twitter:card\" content=\"summary_large_image\" \/>\n<meta name=\"twitter:label1\" content=\"Tiempo de lectura\" \/>\n\t<meta name=\"twitter:data1\" content=\"2 minutos\" \/>\n<script type=\"application\/ld+json\" class=\"yoast-schema-graph\">{\"@context\":\"https:\\\/\\\/schema.org\",\"@graph\":[{\"@type\":\"WebPage\",\"@id\":\"http:\\\/\\\/comtrade.es\\\/es\\\/proyectos\\\/\",\"url\":\"http:\\\/\\\/comtrade.es\\\/es\\\/proyectos\\\/\",\"name\":\"Proyectos | Comtrade \u2013 JL5 Gesti\u00f3n Internacional\u00a0 *\",\"isPartOf\":{\"@id\":\"https:\\\/\\\/comtrade.es\\\/es\\\/#website\"},\"datePublished\":\"2022-02-07T16:32:01+00:00\",\"dateModified\":\"2022-02-15T19:15:00+00:00\",\"description\":\"Conoce cronol\u00f3gicamente aquellos proyectos de gesti\u00f3n internacional, marketing y ventas desempe\u00f1ados por JL5 Gesti\u00f3n Internacional.\",\"breadcrumb\":{\"@id\":\"http:\\\/\\\/comtrade.es\\\/es\\\/proyectos\\\/#breadcrumb\"},\"inLanguage\":\"es\",\"potentialAction\":[{\"@type\":\"ReadAction\",\"target\":[\"http:\\\/\\\/comtrade.es\\\/es\\\/proyectos\\\/\"]}]},{\"@type\":\"BreadcrumbList\",\"@id\":\"http:\\\/\\\/comtrade.es\\\/es\\\/proyectos\\\/#breadcrumb\",\"itemListElement\":[{\"@type\":\"ListItem\",\"position\":1,\"name\":\"Portada\",\"item\":\"https:\\\/\\\/comtrade.es\\\/en\\\/\"},{\"@type\":\"ListItem\",\"position\":2,\"name\":\"Proyectos | Comtrade \u2013 JL5 Gesti\u00f3n Internacional\u00a0\"}]},{\"@type\":\"WebSite\",\"@id\":\"https:\\\/\\\/comtrade.es\\\/es\\\/#website\",\"url\":\"https:\\\/\\\/comtrade.es\\\/es\\\/\",\"name\":\"\",\"description\":\"\",\"publisher\":{\"@id\":\"https:\\\/\\\/comtrade.es\\\/es\\\/#organization\"},\"potentialAction\":[{\"@type\":\"SearchAction\",\"target\":{\"@type\":\"EntryPoint\",\"urlTemplate\":\"https:\\\/\\\/comtrade.es\\\/es\\\/?s={search_term_string}\"},\"query-input\":{\"@type\":\"PropertyValueSpecification\",\"valueRequired\":true,\"valueName\":\"search_term_string\"}}],\"inLanguage\":\"es\"},{\"@type\":\"Organization\",\"@id\":\"https:\\\/\\\/comtrade.es\\\/es\\\/#organization\",\"name\":\"JL5\",\"url\":\"https:\\\/\\\/comtrade.es\\\/es\\\/\",\"logo\":{\"@type\":\"ImageObject\",\"inLanguage\":\"es\",\"@id\":\"https:\\\/\\\/comtrade.es\\\/es\\\/#\\\/schema\\\/logo\\\/image\\\/\",\"url\":\"http:\\\/\\\/comtrade.es\\\/wp-content\\\/uploads\\\/2022\\\/02\\\/LogotipoJL5GESTION_webCambiadoColor-1.jpg\",\"contentUrl\":\"http:\\\/\\\/comtrade.es\\\/wp-content\\\/uploads\\\/2022\\\/02\\\/LogotipoJL5GESTION_webCambiadoColor-1.jpg\",\"width\":150,\"height\":113,\"caption\":\"JL5\"},\"image\":{\"@id\":\"https:\\\/\\\/comtrade.es\\\/es\\\/#\\\/schema\\\/logo\\\/image\\\/\"}}]}<\/script>\n<!-- \/ Yoast SEO plugin. -->","yoast_head_json":{"title":"Proyectos | Comtrade \u2013 JL5 Gesti\u00f3n Internacional\u00a0 *","description":"Conoce cronol\u00f3gicamente aquellos proyectos de gesti\u00f3n internacional, marketing y ventas desempe\u00f1ados por JL5 Gesti\u00f3n Internacional.","robots":{"index":"index","follow":"follow","max-snippet":"max-snippet:-1","max-image-preview":"max-image-preview:large","max-video-preview":"max-video-preview:-1"},"canonical":"http:\/\/comtrade.es\/es\/proyectos\/","og_locale":"es_ES","og_type":"article","og_title":"Proyectos | Comtrade \u2013 JL5 Gesti\u00f3n Internacional\u00a0 *","og_description":"Conoce cronol\u00f3gicamente aquellos proyectos de gesti\u00f3n internacional, marketing y ventas desempe\u00f1ados por JL5 Gesti\u00f3n Internacional.","og_url":"http:\/\/comtrade.es\/es\/proyectos\/","article_modified_time":"2022-02-15T19:15:00+00:00","twitter_card":"summary_large_image","twitter_misc":{"Tiempo de lectura":"2 minutos"},"schema":{"@context":"https:\/\/schema.org","@graph":[{"@type":"WebPage","@id":"http:\/\/comtrade.es\/es\/proyectos\/","url":"http:\/\/comtrade.es\/es\/proyectos\/","name":"Proyectos | Comtrade \u2013 JL5 Gesti\u00f3n Internacional\u00a0 *","isPartOf":{"@id":"https:\/\/comtrade.es\/es\/#website"},"datePublished":"2022-02-07T16:32:01+00:00","dateModified":"2022-02-15T19:15:00+00:00","description":"Conoce cronol\u00f3gicamente aquellos proyectos de gesti\u00f3n internacional, marketing y ventas desempe\u00f1ados por JL5 Gesti\u00f3n Internacional.","breadcrumb":{"@id":"http:\/\/comtrade.es\/es\/proyectos\/#breadcrumb"},"inLanguage":"es","potentialAction":[{"@type":"ReadAction","target":["http:\/\/comtrade.es\/es\/proyectos\/"]}]},{"@type":"BreadcrumbList","@id":"http:\/\/comtrade.es\/es\/proyectos\/#breadcrumb","itemListElement":[{"@type":"ListItem","position":1,"name":"Portada","item":"https:\/\/comtrade.es\/en\/"},{"@type":"ListItem","position":2,"name":"Proyectos | Comtrade \u2013 JL5 Gesti\u00f3n Internacional\u00a0"}]},{"@type":"WebSite","@id":"https:\/\/comtrade.es\/es\/#website","url":"https:\/\/comtrade.es\/es\/","name":"","description":"","publisher":{"@id":"https:\/\/comtrade.es\/es\/#organization"},"potentialAction":[{"@type":"SearchAction","target":{"@type":"EntryPoint","urlTemplate":"https:\/\/comtrade.es\/es\/?s={search_term_string}"},"query-input":{"@type":"PropertyValueSpecification","valueRequired":true,"valueName":"search_term_string"}}],"inLanguage":"es"},{"@type":"Organization","@id":"https:\/\/comtrade.es\/es\/#organization","name":"JL5","url":"https:\/\/comtrade.es\/es\/","logo":{"@type":"ImageObject","inLanguage":"es","@id":"https:\/\/comtrade.es\/es\/#\/schema\/logo\/image\/","url":"http:\/\/comtrade.es\/wp-content\/uploads\/2022\/02\/LogotipoJL5GESTION_webCambiadoColor-1.jpg","contentUrl":"http:\/\/comtrade.es\/wp-content\/uploads\/2022\/02\/LogotipoJL5GESTION_webCambiadoColor-1.jpg","width":150,"height":113,"caption":"JL5"},"image":{"@id":"https:\/\/comtrade.es\/es\/#\/schema\/logo\/image\/"}}]}},"_links":{"self":[{"href":"https:\/\/comtrade.es\/es\/wp-json\/wp\/v2\/pages\/746","targetHints":{"allow":["GET"]}}],"collection":[{"href":"https:\/\/comtrade.es\/es\/wp-json\/wp\/v2\/pages"}],"about":[{"href":"https:\/\/comtrade.es\/es\/wp-json\/wp\/v2\/types\/page"}],"author":[{"embeddable":true,"href":"https:\/\/comtrade.es\/es\/wp-json\/wp\/v2\/users\/1"}],"replies":[{"embeddable":true,"href":"https:\/\/comtrade.es\/es\/wp-json\/wp\/v2\/comments?post=746"}],"version-history":[{"count":0,"href":"https:\/\/comtrade.es\/es\/wp-json\/wp\/v2\/pages\/746\/revisions"}],"wp:attachment":[{"href":"https:\/\/comtrade.es\/es\/wp-json\/wp\/v2\/media?parent=746"}],"curies":[{"name":"wp","href":"https:\/\/api.w.org\/{rel}","templated":true}]}}