{"id":559,"date":"2022-02-07T13:09:06","date_gmt":"2022-02-07T13:09:06","guid":{"rendered":"http:\/\/v2h.2a7.mywebsitetransfer.com\/?page_id=559"},"modified":"2022-02-15T19:26:42","modified_gmt":"2022-02-15T19:26:42","slug":"el-equipo","status":"publish","type":"page","link":"https:\/\/comtrade.es\/es\/el-equipo\/","title":{"rendered":"El Equipo | Comtrade \u2013 JL5 Gesti\u00f3n Internacional"},"content":{"rendered":"\t\t<div data-elementor-type=\"wp-page\" data-elementor-id=\"559\" class=\"elementor elementor-559\">\n\t\t\t\t\t\t<section class=\"elementor-section elementor-top-section elementor-element elementor-element-1abba4c3 elementor-section-content-middle elementor-section-boxed elementor-section-height-default elementor-section-height-default\" data-id=\"1abba4c3\" data-element_type=\"section\" data-e-type=\"section\" data-settings=\"{&quot;background_background&quot;:&quot;classic&quot;}\">\n\t\t\t\t\t\t<div class=\"elementor-container elementor-column-gap-no\">\n\t\t\t\t\t<div class=\"elementor-column elementor-col-100 elementor-top-column elementor-element elementor-element-5213a0c1\" data-id=\"5213a0c1\" data-element_type=\"column\" data-e-type=\"column\">\n\t\t\t<div class=\"elementor-widget-wrap elementor-element-populated\">\n\t\t\t\t\t\t<div class=\"elementor-element elementor-element-2f8f9e7c elementor-widget-mobile__width-inherit elementor-widget elementor-widget-heading\" data-id=\"2f8f9e7c\" data-element_type=\"widget\" data-e-type=\"widget\" data-widget_type=\"heading.default\">\n\t\t\t\t<div class=\"elementor-widget-container\">\n\t\t\t\t\t<h1 class=\"elementor-heading-title elementor-size-default\">El Equipo<\/h1>\t\t\t\t<\/div>\n\t\t\t\t<\/div>\n\t\t\t\t\t<\/div>\n\t\t<\/div>\n\t\t\t\t\t<\/div>\n\t\t<\/section>\n\t\t\t\t<section class=\"elementor-section elementor-top-section elementor-element elementor-element-2d9c01a elementor-section-boxed elementor-section-height-default elementor-section-height-default\" data-id=\"2d9c01a\" data-element_type=\"section\" data-e-type=\"section\">\n\t\t\t\t\t\t<div class=\"elementor-container elementor-column-gap-default\">\n\t\t\t\t\t<div class=\"elementor-column elementor-col-50 elementor-top-column elementor-element elementor-element-8f4cbf1\" data-id=\"8f4cbf1\" data-element_type=\"column\" data-e-type=\"column\" data-settings=\"{&quot;background_background&quot;:&quot;classic&quot;}\">\n\t\t\t<div class=\"elementor-widget-wrap elementor-element-populated\">\n\t\t\t\t\t\t<div class=\"elementor-element elementor-element-3f69f1b elementor-widget elementor-widget-image\" data-id=\"3f69f1b\" data-element_type=\"widget\" data-e-type=\"widget\" data-widget_type=\"image.default\">\n\t\t\t\t<div class=\"elementor-widget-container\">\n\t\t\t\t\t\t\t\t\t\t\t\t\t\t\t<img fetchpriority=\"high\" decoding=\"async\" width=\"400\" height=\"270\" src=\"http:\/\/comtrade.es\/wp-content\/uploads\/2022\/02\/Javier-Comtrade-JL5.jpg\" class=\"attachment-large size-large wp-image-1385\" alt=\"\" srcset=\"http:\/\/comtrade.es\/wp-content\/uploads\/2022\/02\/Javier-Comtrade-JL5.jpg 400w, http:\/\/comtrade.es\/wp-content\/uploads\/2022\/02\/Javier-Comtrade-JL5-300x203.jpg 300w, http:\/\/comtrade.es\/wp-content\/uploads\/2022\/02\/Javier-Comtrade-JL5-18x12.jpg 18w\" sizes=\"(max-width: 400px) 100vw, 400px\" \/>\t\t\t\t\t\t\t\t\t\t\t\t\t\t\t<\/div>\n\t\t\t\t<\/div>\n\t\t\t\t<div class=\"elementor-element elementor-element-24329818 elementor-widget elementor-widget-text-editor\" data-id=\"24329818\" data-element_type=\"widget\" data-e-type=\"widget\" data-widget_type=\"text-editor.default\">\n\t\t\t\t<div class=\"elementor-widget-container\">\n\t\t\t\t\t\t\t\t\t<p>Nuestro equipo est\u00e1 formado por profesionales altamente cualificados con capacidad de interlocuci\u00f3n multi-ling\u00fc\u00edstica y totalmente experimentados en la metodolog\u00eda operativa de JL5 Gesti\u00f3n Internacional.<\/p><p>En cada uno de nuestros Planes de Acci\u00f3n se define el equipo de trabajo bajo la supervisi\u00f3n permanente de la Direcci\u00f3n de JL5 Gesti\u00f3n Internacional y en colaboraci\u00f3n estrecha con el responsable comercial de nuestro cliente.<\/p>\t\t\t\t\t\t\t\t<\/div>\n\t\t\t\t<\/div>\n\t\t\t\t<div class=\"elementor-element elementor-element-162632cb elementor-widget elementor-widget-image\" data-id=\"162632cb\" data-element_type=\"widget\" data-e-type=\"widget\" data-widget_type=\"image.default\">\n\t\t\t\t<div class=\"elementor-widget-container\">\n\t\t\t\t\t\t\t\t\t\t\t\t\t\t\t<img decoding=\"async\" width=\"409\" height=\"256\" src=\"http:\/\/comtrade.es\/wp-content\/uploads\/2022\/02\/The-Team-of-JL5.jpg\" class=\"attachment-large size-large wp-image-1170\" alt=\"\" srcset=\"http:\/\/comtrade.es\/wp-content\/uploads\/2022\/02\/The-Team-of-JL5.jpg 409w, http:\/\/comtrade.es\/wp-content\/uploads\/2022\/02\/The-Team-of-JL5-300x188.jpg 300w, http:\/\/comtrade.es\/wp-content\/uploads\/2022\/02\/The-Team-of-JL5-18x12.jpg 18w\" sizes=\"(max-width: 409px) 100vw, 409px\" \/>\t\t\t\t\t\t\t\t\t\t\t\t\t\t\t<\/div>\n\t\t\t\t<\/div>\n\t\t\t\t<div class=\"elementor-element elementor-element-3cd7dcf elementor-widget elementor-widget-text-editor\" data-id=\"3cd7dcf\" data-element_type=\"widget\" data-e-type=\"widget\" data-widget_type=\"text-editor.default\">\n\t\t\t\t<div class=\"elementor-widget-container\">\n\t\t\t\t\t\t\t\t\t<p><span style=\"font-style: inherit; font-weight: inherit; color: var(--ast-global-color-3);\">Dependiendo del Plan de Acci\u00f3n concreto contamos tambi\u00e9n con la colaboraci\u00f3n de otros expertos en Comercio Internacional (nacionales y extranjeros) vinculados desde hace tiempo con el proyecto JL5 Gesti\u00f3n Internacional.<\/span><\/p>\t\t\t\t\t\t\t\t<\/div>\n\t\t\t\t<\/div>\n\t\t\t\t\t<\/div>\n\t\t<\/div>\n\t\t\t\t<div class=\"elementor-column elementor-col-50 elementor-top-column elementor-element elementor-element-ce455cd\" data-id=\"ce455cd\" data-element_type=\"column\" data-e-type=\"column\" data-settings=\"{&quot;background_background&quot;:&quot;classic&quot;}\">\n\t\t\t<div class=\"elementor-widget-wrap elementor-element-populated\">\n\t\t\t\t\t\t<div class=\"elementor-element elementor-element-d01a102 elementor-widget elementor-widget-image\" data-id=\"d01a102\" data-element_type=\"widget\" data-e-type=\"widget\" data-widget_type=\"image.default\">\n\t\t\t\t<div class=\"elementor-widget-container\">\n\t\t\t\t\t\t\t\t\t\t\t\t\t\t\t<img decoding=\"async\" width=\"400\" height=\"270\" src=\"http:\/\/comtrade.es\/wp-content\/uploads\/2022\/02\/Pedro-Comtrade-JL5.jpg\" class=\"attachment-large size-large wp-image-1389\" alt=\"\" srcset=\"http:\/\/comtrade.es\/wp-content\/uploads\/2022\/02\/Pedro-Comtrade-JL5.jpg 400w, http:\/\/comtrade.es\/wp-content\/uploads\/2022\/02\/Pedro-Comtrade-JL5-300x203.jpg 300w, http:\/\/comtrade.es\/wp-content\/uploads\/2022\/02\/Pedro-Comtrade-JL5-18x12.jpg 18w\" sizes=\"(max-width: 400px) 100vw, 400px\" \/>\t\t\t\t\t\t\t\t\t\t\t\t\t\t\t<\/div>\n\t\t\t\t<\/div>\n\t\t\t\t<div class=\"elementor-element elementor-element-60eeb5c elementor-widget elementor-widget-text-editor\" data-id=\"60eeb5c\" data-element_type=\"widget\" data-e-type=\"widget\" data-widget_type=\"text-editor.default\">\n\t\t\t\t<div class=\"elementor-widget-container\">\n\t\t\t\t\t\t\t\t\t<p>La mayor parte de las actuaciones de JL5 Gesti\u00f3n Internacional son subvencionadas mediante los programas espec\u00edficos de Internacionalizaci\u00f3n o Innovaci\u00f3n puestos a disposici\u00f3n de las PYMEs por la Administraci\u00f3n P\u00fablica Auton\u00f3mica, Estatal o Comunitaria. En esta \u00e1rea contamos con la colaboraci\u00f3n de profesionales especializados en la gesti\u00f3n de estas ayudas de tal forma que el coste resultan<span style=\"font-style: inherit; font-weight: inherit; color: var(--ast-global-color-3);\">te del Plan de Acci\u00f3n sea el menor posible.<\/span><img loading=\"lazy\" decoding=\"async\" class=\"alignnone wp-image-1276 size-full\" style=\"color: var(--ast-global-color-3); font-size: 1rem;\" src=\"http:\/\/comtrade.es\/wp-content\/uploads\/2022\/02\/Ferias-Internacionales-JL5.jpg\" alt=\"\" width=\"400\" height=\"600\" srcset=\"https:\/\/comtrade.es\/wp-content\/uploads\/2022\/02\/Ferias-Internacionales-JL5.jpg 400w, https:\/\/comtrade.es\/wp-content\/uploads\/2022\/02\/Ferias-Internacionales-JL5-200x300.jpg 200w, https:\/\/comtrade.es\/wp-content\/uploads\/2022\/02\/Ferias-Internacionales-JL5-8x12.jpg 8w\" sizes=\"(max-width: 400px) 100vw, 400px\" \/><\/p>\t\t\t\t\t\t\t\t<\/div>\n\t\t\t\t<\/div>\n\t\t\t\t\t<\/div>\n\t\t<\/div>\n\t\t\t\t\t<\/div>\n\t\t<\/section>\n\t\t\t\t<section class=\"elementor-section elementor-top-section elementor-element elementor-element-ccbb3a0 elementor-section-full_width elementor-section-height-default elementor-section-height-default\" data-id=\"ccbb3a0\" data-element_type=\"section\" data-e-type=\"section\">\n\t\t\t\t\t\t<div class=\"elementor-container elementor-column-gap-no\">\n\t\t\t\t\t<div class=\"elementor-column elementor-col-100 elementor-top-column elementor-element elementor-element-a6a9de6\" data-id=\"a6a9de6\" data-element_type=\"column\" data-e-type=\"column\">\n\t\t\t<div class=\"elementor-widget-wrap\">\n\t\t\t\t\t\t\t<\/div>\n\t\t<\/div>\n\t\t\t\t\t<\/div>\n\t\t<\/section>\n\t\t\t\t<\/div>\n\t\t","protected":false},"excerpt":{"rendered":"<p>El Equipo Nuestro equipo est\u00e1 formado por profesionales altamente cualificados con capacidad de interlocuci\u00f3n multi-ling\u00fc\u00edstica y totalmente experimentados en la metodolog\u00eda operativa de JL5 Gesti\u00f3n Internacional. En cada uno de nuestros Planes de Acci\u00f3n se define el equipo de trabajo bajo la supervisi\u00f3n permanente de la Direcci\u00f3n de JL5 Gesti\u00f3n Internacional y en colaboraci\u00f3n estrecha [&hellip;]<\/p>\n","protected":false},"author":1,"featured_media":0,"parent":0,"menu_order":0,"comment_status":"closed","ping_status":"closed","template":"","meta":{"_coblocks_attr":"","_coblocks_dimensions":"","_coblocks_responsive_height":"","_coblocks_accordion_ie_support":"","site-sidebar-layout":"left-sidebar","site-content-layout":"plain-container","ast-site-content-layout":"default","site-content-style":"default","site-sidebar-style":"default","ast-global-header-display":"","ast-banner-title-visibility":"","ast-main-header-display":"","ast-hfb-above-header-display":"","ast-hfb-below-header-display":"","ast-hfb-mobile-header-display":"","site-post-title":"disabled","ast-breadcrumbs-content":"","ast-featured-img":"disabled","footer-sml-layout":"","ast-disable-related-posts":"","theme-transparent-header-meta":"","adv-header-id-meta":"","stick-header-meta":"","header-above-stick-meta":"","header-main-stick-meta":"","header-below-stick-meta":"","astra-migrate-meta-layouts":"default","ast-page-background-enabled":"default","ast-page-background-meta":{"desktop":{"background-color":"","background-image":"","background-repeat":"repeat","background-position":"center center","background-size":"auto","background-attachment":"scroll","background-type":"","background-media":"","overlay-type":"","overlay-color":"","overlay-opacity":"","overlay-gradient":""},"tablet":{"background-color":"","background-image":"","background-repeat":"repeat","background-position":"center center","background-size":"auto","background-attachment":"scroll","background-type":"","background-media":"","overlay-type":"","overlay-color":"","overlay-opacity":"","overlay-gradient":""},"mobile":{"background-color":"","background-image":"","background-repeat":"repeat","background-position":"center center","background-size":"auto","background-attachment":"scroll","background-type":"","background-media":"","overlay-type":"","overlay-color":"","overlay-opacity":"","overlay-gradient":""}},"ast-content-background-meta":{"desktop":{"background-color":"var(--ast-global-color-5)","background-image":"","background-repeat":"repeat","background-position":"center center","background-size":"auto","background-attachment":"scroll","background-type":"","background-media":"","overlay-type":"","overlay-color":"","overlay-opacity":"","overlay-gradient":""},"tablet":{"background-color":"var(--ast-global-color-5)","background-image":"","background-repeat":"repeat","background-position":"center center","background-size":"auto","background-attachment":"scroll","background-type":"","background-media":"","overlay-type":"","overlay-color":"","overlay-opacity":"","overlay-gradient":""},"mobile":{"background-color":"var(--ast-global-color-5)","background-image":"","background-repeat":"repeat","background-position":"center center","background-size":"auto","background-attachment":"scroll","background-type":"","background-media":"","overlay-type":"","overlay-color":"","overlay-opacity":"","overlay-gradient":""}},"footnotes":""},"class_list":["post-559","page","type-page","status-publish","hentry"],"yoast_head":"<!-- This site is optimized with the Yoast SEO plugin v27.3 - https:\/\/yoast.com\/product\/yoast-seo-wordpress\/ -->\n<title>El Equipo | Comtrade \u2013 JL5 Gesti\u00f3n Internacional *<\/title>\n<meta name=\"description\" content=\"Nuestro equipo est\u00e1 formado por profesionales altamente cualificados con capacidad de interlocuci\u00f3n multi-ling\u00fc\u00edstica y totalmente experimentados en la metodolog\u00eda operativa de JL5 Gesti\u00f3n Internacional.\" \/>\n<meta name=\"robots\" content=\"index, follow, max-snippet:-1, max-image-preview:large, max-video-preview:-1\" \/>\n<link rel=\"canonical\" href=\"https:\/\/comtrade.es\/es\/el-equipo\/\" \/>\n<meta property=\"og:locale\" content=\"es_ES\" \/>\n<meta property=\"og:type\" content=\"article\" \/>\n<meta property=\"og:title\" content=\"El Equipo | Comtrade \u2013 JL5 Gesti\u00f3n Internacional *\" \/>\n<meta property=\"og:description\" content=\"Nuestro equipo est\u00e1 formado por profesionales altamente cualificados con capacidad de interlocuci\u00f3n multi-ling\u00fc\u00edstica y totalmente experimentados en la metodolog\u00eda operativa de JL5 Gesti\u00f3n Internacional.\" \/>\n<meta property=\"og:url\" content=\"https:\/\/comtrade.es\/es\/el-equipo\/\" \/>\n<meta property=\"article:modified_time\" content=\"2022-02-15T19:26:42+00:00\" \/>\n<meta property=\"og:image\" content=\"http:\/\/comtrade.es\/wp-content\/uploads\/2022\/02\/Javier-Comtrade-JL5.jpg\" \/>\n<meta name=\"twitter:card\" content=\"summary_large_image\" \/>\n<meta name=\"twitter:label1\" content=\"Tiempo de lectura\" \/>\n\t<meta name=\"twitter:data1\" content=\"2 minutos\" \/>\n<script type=\"application\/ld+json\" class=\"yoast-schema-graph\">{\"@context\":\"https:\\\/\\\/schema.org\",\"@graph\":[{\"@type\":\"WebPage\",\"@id\":\"https:\\\/\\\/comtrade.es\\\/en\\\/el-equipo\\\/\",\"url\":\"https:\\\/\\\/comtrade.es\\\/en\\\/el-equipo\\\/\",\"name\":\"El Equipo | Comtrade \u2013 JL5 Gesti\u00f3n Internacional *\",\"isPartOf\":{\"@id\":\"https:\\\/\\\/comtrade.es\\\/es\\\/#website\"},\"primaryImageOfPage\":{\"@id\":\"https:\\\/\\\/comtrade.es\\\/en\\\/el-equipo\\\/#primaryimage\"},\"image\":{\"@id\":\"https:\\\/\\\/comtrade.es\\\/en\\\/el-equipo\\\/#primaryimage\"},\"thumbnailUrl\":\"http:\\\/\\\/comtrade.es\\\/wp-content\\\/uploads\\\/2022\\\/02\\\/Javier-Comtrade-JL5.jpg\",\"datePublished\":\"2022-02-07T13:09:06+00:00\",\"dateModified\":\"2022-02-15T19:26:42+00:00\",\"description\":\"Nuestro equipo est\u00e1 formado por profesionales altamente cualificados con capacidad de interlocuci\u00f3n multi-ling\u00fc\u00edstica y totalmente experimentados en la metodolog\u00eda operativa de JL5 Gesti\u00f3n Internacional.\",\"breadcrumb\":{\"@id\":\"https:\\\/\\\/comtrade.es\\\/en\\\/el-equipo\\\/#breadcrumb\"},\"inLanguage\":\"es\",\"potentialAction\":[{\"@type\":\"ReadAction\",\"target\":[\"https:\\\/\\\/comtrade.es\\\/en\\\/el-equipo\\\/\"]}]},{\"@type\":\"ImageObject\",\"inLanguage\":\"es\",\"@id\":\"https:\\\/\\\/comtrade.es\\\/en\\\/el-equipo\\\/#primaryimage\",\"url\":\"http:\\\/\\\/comtrade.es\\\/wp-content\\\/uploads\\\/2022\\\/02\\\/Javier-Comtrade-JL5.jpg\",\"contentUrl\":\"http:\\\/\\\/comtrade.es\\\/wp-content\\\/uploads\\\/2022\\\/02\\\/Javier-Comtrade-JL5.jpg\"},{\"@type\":\"BreadcrumbList\",\"@id\":\"https:\\\/\\\/comtrade.es\\\/en\\\/el-equipo\\\/#breadcrumb\",\"itemListElement\":[{\"@type\":\"ListItem\",\"position\":1,\"name\":\"Portada\",\"item\":\"https:\\\/\\\/comtrade.es\\\/en\\\/\"},{\"@type\":\"ListItem\",\"position\":2,\"name\":\"El Equipo | Comtrade \u2013 JL5 Gesti\u00f3n Internacional\"}]},{\"@type\":\"WebSite\",\"@id\":\"https:\\\/\\\/comtrade.es\\\/es\\\/#website\",\"url\":\"https:\\\/\\\/comtrade.es\\\/es\\\/\",\"name\":\"\",\"description\":\"\",\"publisher\":{\"@id\":\"https:\\\/\\\/comtrade.es\\\/es\\\/#organization\"},\"potentialAction\":[{\"@type\":\"SearchAction\",\"target\":{\"@type\":\"EntryPoint\",\"urlTemplate\":\"https:\\\/\\\/comtrade.es\\\/es\\\/?s={search_term_string}\"},\"query-input\":{\"@type\":\"PropertyValueSpecification\",\"valueRequired\":true,\"valueName\":\"search_term_string\"}}],\"inLanguage\":\"es\"},{\"@type\":\"Organization\",\"@id\":\"https:\\\/\\\/comtrade.es\\\/es\\\/#organization\",\"name\":\"JL5\",\"url\":\"https:\\\/\\\/comtrade.es\\\/es\\\/\",\"logo\":{\"@type\":\"ImageObject\",\"inLanguage\":\"es\",\"@id\":\"https:\\\/\\\/comtrade.es\\\/es\\\/#\\\/schema\\\/logo\\\/image\\\/\",\"url\":\"http:\\\/\\\/comtrade.es\\\/wp-content\\\/uploads\\\/2022\\\/02\\\/LogotipoJL5GESTION_webCambiadoColor-1.jpg\",\"contentUrl\":\"http:\\\/\\\/comtrade.es\\\/wp-content\\\/uploads\\\/2022\\\/02\\\/LogotipoJL5GESTION_webCambiadoColor-1.jpg\",\"width\":150,\"height\":113,\"caption\":\"JL5\"},\"image\":{\"@id\":\"https:\\\/\\\/comtrade.es\\\/es\\\/#\\\/schema\\\/logo\\\/image\\\/\"}}]}<\/script>\n<!-- \/ Yoast SEO plugin. -->","yoast_head_json":{"title":"El Equipo | Comtrade \u2013 JL5 Gesti\u00f3n Internacional *","description":"Nuestro equipo est\u00e1 formado por profesionales altamente cualificados con capacidad de interlocuci\u00f3n multi-ling\u00fc\u00edstica y totalmente experimentados en la metodolog\u00eda operativa de JL5 Gesti\u00f3n Internacional.","robots":{"index":"index","follow":"follow","max-snippet":"max-snippet:-1","max-image-preview":"max-image-preview:large","max-video-preview":"max-video-preview:-1"},"canonical":"https:\/\/comtrade.es\/es\/el-equipo\/","og_locale":"es_ES","og_type":"article","og_title":"El Equipo | Comtrade \u2013 JL5 Gesti\u00f3n Internacional *","og_description":"Nuestro equipo est\u00e1 formado por profesionales altamente cualificados con capacidad de interlocuci\u00f3n multi-ling\u00fc\u00edstica y totalmente experimentados en la metodolog\u00eda operativa de JL5 Gesti\u00f3n Internacional.","og_url":"https:\/\/comtrade.es\/es\/el-equipo\/","article_modified_time":"2022-02-15T19:26:42+00:00","og_image":[{"url":"http:\/\/comtrade.es\/wp-content\/uploads\/2022\/02\/Javier-Comtrade-JL5.jpg","type":"","width":"","height":""}],"twitter_card":"summary_large_image","twitter_misc":{"Tiempo de lectura":"2 minutos"},"schema":{"@context":"https:\/\/schema.org","@graph":[{"@type":"WebPage","@id":"https:\/\/comtrade.es\/en\/el-equipo\/","url":"https:\/\/comtrade.es\/en\/el-equipo\/","name":"El Equipo | Comtrade \u2013 JL5 Gesti\u00f3n Internacional *","isPartOf":{"@id":"https:\/\/comtrade.es\/es\/#website"},"primaryImageOfPage":{"@id":"https:\/\/comtrade.es\/en\/el-equipo\/#primaryimage"},"image":{"@id":"https:\/\/comtrade.es\/en\/el-equipo\/#primaryimage"},"thumbnailUrl":"http:\/\/comtrade.es\/wp-content\/uploads\/2022\/02\/Javier-Comtrade-JL5.jpg","datePublished":"2022-02-07T13:09:06+00:00","dateModified":"2022-02-15T19:26:42+00:00","description":"Nuestro equipo est\u00e1 formado por profesionales altamente cualificados con capacidad de interlocuci\u00f3n multi-ling\u00fc\u00edstica y totalmente experimentados en la metodolog\u00eda operativa de JL5 Gesti\u00f3n Internacional.","breadcrumb":{"@id":"https:\/\/comtrade.es\/en\/el-equipo\/#breadcrumb"},"inLanguage":"es","potentialAction":[{"@type":"ReadAction","target":["https:\/\/comtrade.es\/en\/el-equipo\/"]}]},{"@type":"ImageObject","inLanguage":"es","@id":"https:\/\/comtrade.es\/en\/el-equipo\/#primaryimage","url":"http:\/\/comtrade.es\/wp-content\/uploads\/2022\/02\/Javier-Comtrade-JL5.jpg","contentUrl":"http:\/\/comtrade.es\/wp-content\/uploads\/2022\/02\/Javier-Comtrade-JL5.jpg"},{"@type":"BreadcrumbList","@id":"https:\/\/comtrade.es\/en\/el-equipo\/#breadcrumb","itemListElement":[{"@type":"ListItem","position":1,"name":"Portada","item":"https:\/\/comtrade.es\/en\/"},{"@type":"ListItem","position":2,"name":"El Equipo | Comtrade \u2013 JL5 Gesti\u00f3n Internacional"}]},{"@type":"WebSite","@id":"https:\/\/comtrade.es\/es\/#website","url":"https:\/\/comtrade.es\/es\/","name":"","description":"","publisher":{"@id":"https:\/\/comtrade.es\/es\/#organization"},"potentialAction":[{"@type":"SearchAction","target":{"@type":"EntryPoint","urlTemplate":"https:\/\/comtrade.es\/es\/?s={search_term_string}"},"query-input":{"@type":"PropertyValueSpecification","valueRequired":true,"valueName":"search_term_string"}}],"inLanguage":"es"},{"@type":"Organization","@id":"https:\/\/comtrade.es\/es\/#organization","name":"JL5","url":"https:\/\/comtrade.es\/es\/","logo":{"@type":"ImageObject","inLanguage":"es","@id":"https:\/\/comtrade.es\/es\/#\/schema\/logo\/image\/","url":"http:\/\/comtrade.es\/wp-content\/uploads\/2022\/02\/LogotipoJL5GESTION_webCambiadoColor-1.jpg","contentUrl":"http:\/\/comtrade.es\/wp-content\/uploads\/2022\/02\/LogotipoJL5GESTION_webCambiadoColor-1.jpg","width":150,"height":113,"caption":"JL5"},"image":{"@id":"https:\/\/comtrade.es\/es\/#\/schema\/logo\/image\/"}}]}},"_links":{"self":[{"href":"https:\/\/comtrade.es\/es\/wp-json\/wp\/v2\/pages\/559","targetHints":{"allow":["GET"]}}],"collection":[{"href":"https:\/\/comtrade.es\/es\/wp-json\/wp\/v2\/pages"}],"about":[{"href":"https:\/\/comtrade.es\/es\/wp-json\/wp\/v2\/types\/page"}],"author":[{"embeddable":true,"href":"https:\/\/comtrade.es\/es\/wp-json\/wp\/v2\/users\/1"}],"replies":[{"embeddable":true,"href":"https:\/\/comtrade.es\/es\/wp-json\/wp\/v2\/comments?post=559"}],"version-history":[{"count":0,"href":"https:\/\/comtrade.es\/es\/wp-json\/wp\/v2\/pages\/559\/revisions"}],"wp:attachment":[{"href":"https:\/\/comtrade.es\/es\/wp-json\/wp\/v2\/media?parent=559"}],"curies":[{"name":"wp","href":"https:\/\/api.w.org\/{rel}","templated":true}]}}