{"id":500,"date":"2022-02-07T12:27:21","date_gmt":"2022-02-07T12:27:21","guid":{"rendered":"http:\/\/v2h.2a7.mywebsitetransfer.com\/?page_id=500"},"modified":"2022-02-15T19:26:16","modified_gmt":"2022-02-15T19:26:16","slug":"el-promotor","status":"publish","type":"page","link":"https:\/\/comtrade.es\/es\/el-promotor\/","title":{"rendered":"El Promotor | Comtrade \u2013 JL5 Gesti\u00f3n Internacional"},"content":{"rendered":"\t\t<div data-elementor-type=\"wp-page\" data-elementor-id=\"500\" class=\"elementor elementor-500\">\n\t\t\t\t\t\t<section class=\"elementor-section elementor-top-section elementor-element elementor-element-1edce331 elementor-section-content-middle elementor-section-boxed elementor-section-height-default elementor-section-height-default\" data-id=\"1edce331\" data-element_type=\"section\" data-e-type=\"section\" data-settings=\"{&quot;background_background&quot;:&quot;classic&quot;}\">\n\t\t\t\t\t\t<div class=\"elementor-container elementor-column-gap-no\">\n\t\t\t\t\t<div class=\"elementor-column elementor-col-100 elementor-top-column elementor-element elementor-element-3b59fb7d\" data-id=\"3b59fb7d\" data-element_type=\"column\" data-e-type=\"column\">\n\t\t\t<div class=\"elementor-widget-wrap elementor-element-populated\">\n\t\t\t\t\t\t<div class=\"elementor-element elementor-element-684a6ca9 elementor-widget-mobile__width-inherit elementor-widget elementor-widget-heading\" data-id=\"684a6ca9\" data-element_type=\"widget\" data-e-type=\"widget\" data-widget_type=\"heading.default\">\n\t\t\t\t<div class=\"elementor-widget-container\">\n\t\t\t\t\t<h1 class=\"elementor-heading-title elementor-size-default\">El Promotor<\/h1>\t\t\t\t<\/div>\n\t\t\t\t<\/div>\n\t\t\t\t\t<\/div>\n\t\t<\/div>\n\t\t\t\t\t<\/div>\n\t\t<\/section>\n\t\t\t\t<section class=\"elementor-section elementor-top-section elementor-element elementor-element-62ef75b elementor-section-boxed elementor-section-height-default elementor-section-height-default\" data-id=\"62ef75b\" data-element_type=\"section\" data-e-type=\"section\">\n\t\t\t\t\t\t\t<div class=\"elementor-background-overlay\"><\/div>\n\t\t\t\t\t\t\t<div class=\"elementor-container elementor-column-gap-default\">\n\t\t\t\t\t<div class=\"elementor-column elementor-col-100 elementor-top-column elementor-element elementor-element-dffa8d1\" data-id=\"dffa8d1\" data-element_type=\"column\" data-e-type=\"column\">\n\t\t\t<div class=\"elementor-widget-wrap elementor-element-populated\">\n\t\t\t\t\t\t<div class=\"elementor-element elementor-element-73f610b elementor-widget elementor-widget-text-editor\" data-id=\"73f610b\" data-element_type=\"widget\" data-e-type=\"widget\" data-widget_type=\"text-editor.default\">\n\t\t\t\t<div class=\"elementor-widget-container\">\n\t\t\t\t\t\t\t\t\t<h4>JAVIER LUQUE<\/h4><p>El promotor de \u201cJL5 Gesti\u00f3n Internacional\u201d es Javier Luque, Ingeniero Industrial (N\u00ba 1.603 Colegio Oficial de Ingenieros Industriales de Gipuzkoa) con mas de 25 a\u00f1os de experiencia en los Departamentos Comerciales de diversas empresas del Sector de M\u00e1quina Herramienta y Bienes de Equipo del Pa\u00eds Vasco.<\/p>\t\t\t\t\t\t\t\t<\/div>\n\t\t\t\t<\/div>\n\t\t\t\t<div class=\"elementor-element elementor-element-26765d8 elementor-widget elementor-widget-image\" data-id=\"26765d8\" data-element_type=\"widget\" data-e-type=\"widget\" data-widget_type=\"image.default\">\n\t\t\t\t<div class=\"elementor-widget-container\">\n\t\t\t\t\t\t\t\t\t\t\t\t\t\t\t<img fetchpriority=\"high\" decoding=\"async\" width=\"850\" height=\"380\" src=\"https:\/\/comtrade.es\/wp-content\/uploads\/2022\/02\/Javier-Luque-Antia-The-Founder.jpg\" class=\"attachment-large size-large wp-image-1174\" alt=\"\" srcset=\"https:\/\/comtrade.es\/wp-content\/uploads\/2022\/02\/Javier-Luque-Antia-The-Founder.jpg 850w, https:\/\/comtrade.es\/wp-content\/uploads\/2022\/02\/Javier-Luque-Antia-The-Founder-300x134.jpg 300w, https:\/\/comtrade.es\/wp-content\/uploads\/2022\/02\/Javier-Luque-Antia-The-Founder-768x343.jpg 768w, https:\/\/comtrade.es\/wp-content\/uploads\/2022\/02\/Javier-Luque-Antia-The-Founder-18x8.jpg 18w\" sizes=\"(max-width: 850px) 100vw, 850px\" \/>\t\t\t\t\t\t\t\t\t\t\t\t\t\t\t<\/div>\n\t\t\t\t<\/div>\n\t\t\t\t\t<\/div>\n\t\t<\/div>\n\t\t\t\t\t<\/div>\n\t\t<\/section>\n\t\t\t\t<section class=\"elementor-section elementor-inner-section elementor-element elementor-element-69d39df0 elementor-section-boxed elementor-section-height-default elementor-section-height-default\" data-id=\"69d39df0\" data-element_type=\"section\" data-e-type=\"section\">\n\t\t\t\t\t\t\t<div class=\"elementor-background-overlay\"><\/div>\n\t\t\t\t\t\t\t<div class=\"elementor-container elementor-column-gap-no\">\n\t\t\t\t\t<div class=\"elementor-column elementor-col-33 elementor-inner-column elementor-element elementor-element-30d24612\" data-id=\"30d24612\" data-element_type=\"column\" data-e-type=\"column\">\n\t\t\t<div class=\"elementor-widget-wrap elementor-element-populated\">\n\t\t\t\t\t\t<div class=\"elementor-element elementor-element-5fc80930 elementor-widget elementor-widget-heading\" data-id=\"5fc80930\" data-element_type=\"widget\" data-e-type=\"widget\" data-widget_type=\"heading.default\">\n\t\t\t\t<div class=\"elementor-widget-container\">\n\t\t\t\t\t<h5 class=\"elementor-heading-title elementor-size-default\">ANDADURA <br>PROFESIONAL<\/h5>\t\t\t\t<\/div>\n\t\t\t\t<\/div>\n\t\t\t\t<div class=\"elementor-element elementor-element-13eb7c69 elementor-widget elementor-widget-text-editor\" data-id=\"13eb7c69\" data-element_type=\"widget\" data-e-type=\"widget\" data-widget_type=\"text-editor.default\">\n\t\t\t\t<div class=\"elementor-widget-container\">\n\t\t\t\t\t\t\t\t\t<p>En su andadura profesional ha participado en importantes proyectos relacionados con la venta y suministro de productos industriales en diferentes partes del mundo ya sea en mercados desarrollados como Europa Occidental (Francia, Inglaterra, Alemania, Italia, etc.), como en mercados emergentes (India, China, Ir\u00e1n, Iraq, M\u00e9xico, Brasil, etc.).<br>\n<\/p>\t\t\t\t\t\t\t\t<\/div>\n\t\t\t\t<\/div>\n\t\t\t\t\t<\/div>\n\t\t<\/div>\n\t\t\t\t<div class=\"elementor-column elementor-col-33 elementor-inner-column elementor-element elementor-element-40027782\" data-id=\"40027782\" data-element_type=\"column\" data-e-type=\"column\">\n\t\t\t<div class=\"elementor-widget-wrap elementor-element-populated\">\n\t\t\t\t\t\t<div class=\"elementor-element elementor-element-79f7dad elementor-widget elementor-widget-heading\" data-id=\"79f7dad\" data-element_type=\"widget\" data-e-type=\"widget\" data-widget_type=\"heading.default\">\n\t\t\t\t<div class=\"elementor-widget-container\">\n\t\t\t\t\t<h5 class=\"elementor-heading-title elementor-size-default\">EXPERIENCIA EN TAREAS PROPIAS DE INGENIERIA<\/h5>\t\t\t\t<\/div>\n\t\t\t\t<\/div>\n\t\t\t\t<div class=\"elementor-element elementor-element-5c57430f elementor-widget elementor-widget-text-editor\" data-id=\"5c57430f\" data-element_type=\"widget\" data-e-type=\"widget\" data-widget_type=\"text-editor.default\">\n\t\t\t\t<div class=\"elementor-widget-container\">\n\t\t\t\t\t\t\t\t\t<p style=\"text-align: left;\">Adem\u00e1s de sus conocimientos comerciales, cuenta con considerable experiencia en tareas propias de Ingenier\u00eda. La comprensi\u00f3n de las necesidades del mercado le ha impulsado en diversas ocasiones a implementar nuevas tecnolog\u00edas y funcionalidades en m\u00e1quinas y equipos de serie. Tambi\u00e9n ha participado en diferentes puestos y tareas relacionadas con la Organizaci\u00f3n interna de Empresas.<\/p>\t\t\t\t\t\t\t\t<\/div>\n\t\t\t\t<\/div>\n\t\t\t\t\t<\/div>\n\t\t<\/div>\n\t\t\t\t<div class=\"elementor-column elementor-col-33 elementor-inner-column elementor-element elementor-element-10352d91\" data-id=\"10352d91\" data-element_type=\"column\" data-e-type=\"column\">\n\t\t\t<div class=\"elementor-widget-wrap elementor-element-populated\">\n\t\t\t\t\t\t<div class=\"elementor-element elementor-element-ad547a8 elementor-widget elementor-widget-heading\" data-id=\"ad547a8\" data-element_type=\"widget\" data-e-type=\"widget\" data-widget_type=\"heading.default\">\n\t\t\t\t<div class=\"elementor-widget-container\">\n\t\t\t\t\t<h5 class=\"elementor-heading-title elementor-size-default\">AMPLIA EXPERIENCIA MULTI-EMPRESA<\/h5>\t\t\t\t<\/div>\n\t\t\t\t<\/div>\n\t\t\t\t<div class=\"elementor-element elementor-element-57c29751 elementor-widget elementor-widget-text-editor\" data-id=\"57c29751\" data-element_type=\"widget\" data-e-type=\"widget\" data-widget_type=\"text-editor.default\">\n\t\t\t\t<div class=\"elementor-widget-container\">\n\t\t\t\t\t\t\t\t\t<p style=\"text-align: left;\">Su amplia experiencia multi-empresa enmarcada en una actuaci\u00f3n comercial en todo tipo de mercados le coloca en una excelente posici\u00f3n para analizar la situaci\u00f3n comercial de partida de nuestros clientes y liderar el equipo de JL5 Gesti\u00f3n Internacional en el desarrollo de los Planes de Acci\u00f3n establecidos para ellos.<\/p>\t\t\t\t\t\t\t\t<\/div>\n\t\t\t\t<\/div>\n\t\t\t\t\t<\/div>\n\t\t<\/div>\n\t\t\t\t\t<\/div>\n\t\t<\/section>\n\t\t\t\t<\/div>\n\t\t","protected":false},"excerpt":{"rendered":"<p>El Promotor JAVIER LUQUE El promotor de \u201cJL5 Gesti\u00f3n Internacional\u201d es Javier Luque, Ingeniero Industrial (N\u00ba 1.603 Colegio Oficial de Ingenieros Industriales de Gipuzkoa) con mas de 25 a\u00f1os de experiencia en los Departamentos Comerciales de diversas empresas del Sector de M\u00e1quina Herramienta y Bienes de Equipo del Pa\u00eds Vasco. ANDADURA PROFESIONAL En su andadura [&hellip;]<\/p>\n","protected":false},"author":1,"featured_media":0,"parent":0,"menu_order":0,"comment_status":"closed","ping_status":"closed","template":"","meta":{"_coblocks_attr":"","_coblocks_dimensions":"","_coblocks_responsive_height":"","_coblocks_accordion_ie_support":"","site-sidebar-layout":"left-sidebar","site-content-layout":"plain-container","ast-site-content-layout":"default","site-content-style":"default","site-sidebar-style":"default","ast-global-header-display":"","ast-banner-title-visibility":"","ast-main-header-display":"","ast-hfb-above-header-display":"","ast-hfb-below-header-display":"","ast-hfb-mobile-header-display":"","site-post-title":"disabled","ast-breadcrumbs-content":"","ast-featured-img":"disabled","footer-sml-layout":"","ast-disable-related-posts":"","theme-transparent-header-meta":"","adv-header-id-meta":"","stick-header-meta":"","header-above-stick-meta":"","header-main-stick-meta":"","header-below-stick-meta":"","astra-migrate-meta-layouts":"default","ast-page-background-enabled":"default","ast-page-background-meta":{"desktop":{"background-color":"","background-image":"","background-repeat":"repeat","background-position":"center center","background-size":"auto","background-attachment":"scroll","background-type":"","background-media":"","overlay-type":"","overlay-color":"","overlay-opacity":"","overlay-gradient":""},"tablet":{"background-color":"","background-image":"","background-repeat":"repeat","background-position":"center center","background-size":"auto","background-attachment":"scroll","background-type":"","background-media":"","overlay-type":"","overlay-color":"","overlay-opacity":"","overlay-gradient":""},"mobile":{"background-color":"","background-image":"","background-repeat":"repeat","background-position":"center center","background-size":"auto","background-attachment":"scroll","background-type":"","background-media":"","overlay-type":"","overlay-color":"","overlay-opacity":"","overlay-gradient":""}},"ast-content-background-meta":{"desktop":{"background-color":"var(--ast-global-color-5)","background-image":"","background-repeat":"repeat","background-position":"center center","background-size":"auto","background-attachment":"scroll","background-type":"","background-media":"","overlay-type":"","overlay-color":"","overlay-opacity":"","overlay-gradient":""},"tablet":{"background-color":"var(--ast-global-color-5)","background-image":"","background-repeat":"repeat","background-position":"center center","background-size":"auto","background-attachment":"scroll","background-type":"","background-media":"","overlay-type":"","overlay-color":"","overlay-opacity":"","overlay-gradient":""},"mobile":{"background-color":"var(--ast-global-color-5)","background-image":"","background-repeat":"repeat","background-position":"center center","background-size":"auto","background-attachment":"scroll","background-type":"","background-media":"","overlay-type":"","overlay-color":"","overlay-opacity":"","overlay-gradient":""}},"footnotes":""},"class_list":["post-500","page","type-page","status-publish","hentry"],"yoast_head":"<!-- This site is optimized with the Yoast SEO plugin v27.3 - https:\/\/yoast.com\/product\/yoast-seo-wordpress\/ -->\n<title>El Promotor | Comtrade \u2013 JL5 Gesti\u00f3n Internacional *<\/title>\n<meta name=\"description\" content=\"El promotor de \u201cJL5 Gesti\u00f3n Internacional\u201d es Javier Luque, Ingeniero Industrial (N\u00ba 1.603 Colegio Oficial de Ingenieros Industriales de Gipuzkoa) con mas de 25 a\u00f1os de experiencia en los Departamentos Comerciales de diversas empresas del Sector de M\u00e1quina Herramienta y Bienes de Equipo del Pa\u00eds Vasco.\" \/>\n<meta name=\"robots\" content=\"index, follow, max-snippet:-1, max-image-preview:large, max-video-preview:-1\" \/>\n<link rel=\"canonical\" href=\"http:\/\/comtrade.es\/es\/el-promotor\/\" \/>\n<meta property=\"og:locale\" content=\"es_ES\" \/>\n<meta property=\"og:type\" content=\"article\" \/>\n<meta property=\"og:title\" content=\"El Promotor | Comtrade \u2013 JL5 Gesti\u00f3n Internacional *\" \/>\n<meta property=\"og:description\" content=\"El promotor de \u201cJL5 Gesti\u00f3n Internacional\u201d es Javier Luque, Ingeniero Industrial (N\u00ba 1.603 Colegio Oficial de Ingenieros Industriales de Gipuzkoa) con mas de 25 a\u00f1os de experiencia en los Departamentos Comerciales de diversas empresas del Sector de M\u00e1quina Herramienta y Bienes de Equipo del Pa\u00eds Vasco.\" \/>\n<meta property=\"og:url\" content=\"http:\/\/comtrade.es\/es\/el-promotor\/\" \/>\n<meta property=\"article:modified_time\" content=\"2022-02-15T19:26:16+00:00\" \/>\n<meta property=\"og:image\" content=\"http:\/\/comtrade.es\/wp-content\/uploads\/2022\/02\/Javier-Luque-Antia-The-Founder.jpg\" \/>\n<meta name=\"twitter:card\" content=\"summary_large_image\" \/>\n<meta name=\"twitter:label1\" content=\"Tiempo de lectura\" \/>\n\t<meta name=\"twitter:data1\" content=\"2 minutos\" \/>\n<script type=\"application\/ld+json\" class=\"yoast-schema-graph\">{\"@context\":\"https:\\\/\\\/schema.org\",\"@graph\":[{\"@type\":\"WebPage\",\"@id\":\"http:\\\/\\\/comtrade.es\\\/es\\\/el-promotor\\\/\",\"url\":\"http:\\\/\\\/comtrade.es\\\/es\\\/el-promotor\\\/\",\"name\":\"El Promotor | Comtrade \u2013 JL5 Gesti\u00f3n Internacional *\",\"isPartOf\":{\"@id\":\"https:\\\/\\\/comtrade.es\\\/es\\\/#website\"},\"primaryImageOfPage\":{\"@id\":\"http:\\\/\\\/comtrade.es\\\/es\\\/el-promotor\\\/#primaryimage\"},\"image\":{\"@id\":\"http:\\\/\\\/comtrade.es\\\/es\\\/el-promotor\\\/#primaryimage\"},\"thumbnailUrl\":\"http:\\\/\\\/comtrade.es\\\/wp-content\\\/uploads\\\/2022\\\/02\\\/Javier-Luque-Antia-The-Founder.jpg\",\"datePublished\":\"2022-02-07T12:27:21+00:00\",\"dateModified\":\"2022-02-15T19:26:16+00:00\",\"description\":\"El promotor de \u201cJL5 Gesti\u00f3n Internacional\u201d es Javier Luque, Ingeniero Industrial (N\u00ba 1.603 Colegio Oficial de Ingenieros Industriales de Gipuzkoa) con mas de 25 a\u00f1os de experiencia en los Departamentos Comerciales de diversas empresas del Sector de M\u00e1quina Herramienta y Bienes de Equipo del Pa\u00eds Vasco.\",\"breadcrumb\":{\"@id\":\"http:\\\/\\\/comtrade.es\\\/es\\\/el-promotor\\\/#breadcrumb\"},\"inLanguage\":\"es\",\"potentialAction\":[{\"@type\":\"ReadAction\",\"target\":[\"http:\\\/\\\/comtrade.es\\\/es\\\/el-promotor\\\/\"]}]},{\"@type\":\"ImageObject\",\"inLanguage\":\"es\",\"@id\":\"http:\\\/\\\/comtrade.es\\\/es\\\/el-promotor\\\/#primaryimage\",\"url\":\"http:\\\/\\\/comtrade.es\\\/wp-content\\\/uploads\\\/2022\\\/02\\\/Javier-Luque-Antia-The-Founder.jpg\",\"contentUrl\":\"http:\\\/\\\/comtrade.es\\\/wp-content\\\/uploads\\\/2022\\\/02\\\/Javier-Luque-Antia-The-Founder.jpg\"},{\"@type\":\"BreadcrumbList\",\"@id\":\"http:\\\/\\\/comtrade.es\\\/es\\\/el-promotor\\\/#breadcrumb\",\"itemListElement\":[{\"@type\":\"ListItem\",\"position\":1,\"name\":\"Portada\",\"item\":\"https:\\\/\\\/comtrade.es\\\/en\\\/\"},{\"@type\":\"ListItem\",\"position\":2,\"name\":\"El Promotor | Comtrade \u2013 JL5 Gesti\u00f3n Internacional\"}]},{\"@type\":\"WebSite\",\"@id\":\"https:\\\/\\\/comtrade.es\\\/es\\\/#website\",\"url\":\"https:\\\/\\\/comtrade.es\\\/es\\\/\",\"name\":\"\",\"description\":\"\",\"publisher\":{\"@id\":\"https:\\\/\\\/comtrade.es\\\/es\\\/#organization\"},\"potentialAction\":[{\"@type\":\"SearchAction\",\"target\":{\"@type\":\"EntryPoint\",\"urlTemplate\":\"https:\\\/\\\/comtrade.es\\\/es\\\/?s={search_term_string}\"},\"query-input\":{\"@type\":\"PropertyValueSpecification\",\"valueRequired\":true,\"valueName\":\"search_term_string\"}}],\"inLanguage\":\"es\"},{\"@type\":\"Organization\",\"@id\":\"https:\\\/\\\/comtrade.es\\\/es\\\/#organization\",\"name\":\"JL5\",\"url\":\"https:\\\/\\\/comtrade.es\\\/es\\\/\",\"logo\":{\"@type\":\"ImageObject\",\"inLanguage\":\"es\",\"@id\":\"https:\\\/\\\/comtrade.es\\\/es\\\/#\\\/schema\\\/logo\\\/image\\\/\",\"url\":\"http:\\\/\\\/comtrade.es\\\/wp-content\\\/uploads\\\/2022\\\/02\\\/LogotipoJL5GESTION_webCambiadoColor-1.jpg\",\"contentUrl\":\"http:\\\/\\\/comtrade.es\\\/wp-content\\\/uploads\\\/2022\\\/02\\\/LogotipoJL5GESTION_webCambiadoColor-1.jpg\",\"width\":150,\"height\":113,\"caption\":\"JL5\"},\"image\":{\"@id\":\"https:\\\/\\\/comtrade.es\\\/es\\\/#\\\/schema\\\/logo\\\/image\\\/\"}}]}<\/script>\n<!-- \/ Yoast SEO plugin. -->","yoast_head_json":{"title":"El Promotor | Comtrade \u2013 JL5 Gesti\u00f3n Internacional *","description":"El promotor de \u201cJL5 Gesti\u00f3n Internacional\u201d es Javier Luque, Ingeniero Industrial (N\u00ba 1.603 Colegio Oficial de Ingenieros Industriales de Gipuzkoa) con mas de 25 a\u00f1os de experiencia en los Departamentos Comerciales de diversas empresas del Sector de M\u00e1quina Herramienta y Bienes de Equipo del Pa\u00eds Vasco.","robots":{"index":"index","follow":"follow","max-snippet":"max-snippet:-1","max-image-preview":"max-image-preview:large","max-video-preview":"max-video-preview:-1"},"canonical":"http:\/\/comtrade.es\/es\/el-promotor\/","og_locale":"es_ES","og_type":"article","og_title":"El Promotor | Comtrade \u2013 JL5 Gesti\u00f3n Internacional *","og_description":"El promotor de \u201cJL5 Gesti\u00f3n Internacional\u201d es Javier Luque, Ingeniero Industrial (N\u00ba 1.603 Colegio Oficial de Ingenieros Industriales de Gipuzkoa) con mas de 25 a\u00f1os de experiencia en los Departamentos Comerciales de diversas empresas del Sector de M\u00e1quina Herramienta y Bienes de Equipo del Pa\u00eds Vasco.","og_url":"http:\/\/comtrade.es\/es\/el-promotor\/","article_modified_time":"2022-02-15T19:26:16+00:00","og_image":[{"url":"http:\/\/comtrade.es\/wp-content\/uploads\/2022\/02\/Javier-Luque-Antia-The-Founder.jpg","type":"","width":"","height":""}],"twitter_card":"summary_large_image","twitter_misc":{"Tiempo de lectura":"2 minutos"},"schema":{"@context":"https:\/\/schema.org","@graph":[{"@type":"WebPage","@id":"http:\/\/comtrade.es\/es\/el-promotor\/","url":"http:\/\/comtrade.es\/es\/el-promotor\/","name":"El Promotor | Comtrade \u2013 JL5 Gesti\u00f3n Internacional *","isPartOf":{"@id":"https:\/\/comtrade.es\/es\/#website"},"primaryImageOfPage":{"@id":"http:\/\/comtrade.es\/es\/el-promotor\/#primaryimage"},"image":{"@id":"http:\/\/comtrade.es\/es\/el-promotor\/#primaryimage"},"thumbnailUrl":"http:\/\/comtrade.es\/wp-content\/uploads\/2022\/02\/Javier-Luque-Antia-The-Founder.jpg","datePublished":"2022-02-07T12:27:21+00:00","dateModified":"2022-02-15T19:26:16+00:00","description":"El promotor de \u201cJL5 Gesti\u00f3n Internacional\u201d es Javier Luque, Ingeniero Industrial (N\u00ba 1.603 Colegio Oficial de Ingenieros Industriales de Gipuzkoa) con mas de 25 a\u00f1os de experiencia en los Departamentos Comerciales de diversas empresas del Sector de M\u00e1quina Herramienta y Bienes de Equipo del Pa\u00eds Vasco.","breadcrumb":{"@id":"http:\/\/comtrade.es\/es\/el-promotor\/#breadcrumb"},"inLanguage":"es","potentialAction":[{"@type":"ReadAction","target":["http:\/\/comtrade.es\/es\/el-promotor\/"]}]},{"@type":"ImageObject","inLanguage":"es","@id":"http:\/\/comtrade.es\/es\/el-promotor\/#primaryimage","url":"http:\/\/comtrade.es\/wp-content\/uploads\/2022\/02\/Javier-Luque-Antia-The-Founder.jpg","contentUrl":"http:\/\/comtrade.es\/wp-content\/uploads\/2022\/02\/Javier-Luque-Antia-The-Founder.jpg"},{"@type":"BreadcrumbList","@id":"http:\/\/comtrade.es\/es\/el-promotor\/#breadcrumb","itemListElement":[{"@type":"ListItem","position":1,"name":"Portada","item":"https:\/\/comtrade.es\/en\/"},{"@type":"ListItem","position":2,"name":"El Promotor | Comtrade \u2013 JL5 Gesti\u00f3n Internacional"}]},{"@type":"WebSite","@id":"https:\/\/comtrade.es\/es\/#website","url":"https:\/\/comtrade.es\/es\/","name":"","description":"","publisher":{"@id":"https:\/\/comtrade.es\/es\/#organization"},"potentialAction":[{"@type":"SearchAction","target":{"@type":"EntryPoint","urlTemplate":"https:\/\/comtrade.es\/es\/?s={search_term_string}"},"query-input":{"@type":"PropertyValueSpecification","valueRequired":true,"valueName":"search_term_string"}}],"inLanguage":"es"},{"@type":"Organization","@id":"https:\/\/comtrade.es\/es\/#organization","name":"JL5","url":"https:\/\/comtrade.es\/es\/","logo":{"@type":"ImageObject","inLanguage":"es","@id":"https:\/\/comtrade.es\/es\/#\/schema\/logo\/image\/","url":"http:\/\/comtrade.es\/wp-content\/uploads\/2022\/02\/LogotipoJL5GESTION_webCambiadoColor-1.jpg","contentUrl":"http:\/\/comtrade.es\/wp-content\/uploads\/2022\/02\/LogotipoJL5GESTION_webCambiadoColor-1.jpg","width":150,"height":113,"caption":"JL5"},"image":{"@id":"https:\/\/comtrade.es\/es\/#\/schema\/logo\/image\/"}}]}},"_links":{"self":[{"href":"https:\/\/comtrade.es\/es\/wp-json\/wp\/v2\/pages\/500","targetHints":{"allow":["GET"]}}],"collection":[{"href":"https:\/\/comtrade.es\/es\/wp-json\/wp\/v2\/pages"}],"about":[{"href":"https:\/\/comtrade.es\/es\/wp-json\/wp\/v2\/types\/page"}],"author":[{"embeddable":true,"href":"https:\/\/comtrade.es\/es\/wp-json\/wp\/v2\/users\/1"}],"replies":[{"embeddable":true,"href":"https:\/\/comtrade.es\/es\/wp-json\/wp\/v2\/comments?post=500"}],"version-history":[{"count":0,"href":"https:\/\/comtrade.es\/es\/wp-json\/wp\/v2\/pages\/500\/revisions"}],"wp:attachment":[{"href":"https:\/\/comtrade.es\/es\/wp-json\/wp\/v2\/media?parent=500"}],"curies":[{"name":"wp","href":"https:\/\/api.w.org\/{rel}","templated":true}]}}