{"id":578,"date":"2022-02-07T13:23:16","date_gmt":"2022-02-07T13:23:16","guid":{"rendered":"http:\/\/v2h.2a7.mywebsitetransfer.com\/?page_id=578"},"modified":"2022-02-15T19:28:17","modified_gmt":"2022-02-15T19:28:17","slug":"areas-de-actuacion","status":"publish","type":"page","link":"https:\/\/comtrade.es\/en\/areas-de-actuacion\/","title":{"rendered":"\u00c1reas de Actuaci\u00f3n | Comtrade \u2013 JL5 Gesti\u00f3n Internacional"},"content":{"rendered":"<div data-elementor-type=\"wp-page\" data-elementor-id=\"578\" class=\"elementor elementor-578\">\n\t\t\t\t\t\t<section class=\"elementor-section elementor-top-section elementor-element elementor-element-292728a9 elementor-section-content-middle elementor-section-boxed elementor-section-height-default elementor-section-height-default\" data-id=\"292728a9\" data-element_type=\"section\" data-e-type=\"section\" data-settings=\"{&quot;background_background&quot;:&quot;classic&quot;}\">\n\t\t\t\t\t\t<div class=\"elementor-container elementor-column-gap-no\">\n\t\t\t\t\t<div class=\"elementor-column elementor-col-100 elementor-top-column elementor-element elementor-element-79575955\" data-id=\"79575955\" data-element_type=\"column\" data-e-type=\"column\">\n\t\t\t<div class=\"elementor-widget-wrap elementor-element-populated\">\n\t\t\t\t\t\t<div class=\"elementor-element elementor-element-e1ac61a elementor-widget-mobile__width-inherit elementor-widget elementor-widget-heading\" data-id=\"e1ac61a\" data-element_type=\"widget\" data-e-type=\"widget\" data-widget_type=\"heading.default\">\n\t\t\t\t<div class=\"elementor-widget-container\">\n\t\t\t\t\t<h1 class=\"elementor-heading-title elementor-size-default\">Areas of Action<\/h1>\t\t\t\t<\/div>\n\t\t\t\t<\/div>\n\t\t\t\t\t<\/div>\n\t\t<\/div>\n\t\t\t\t\t<\/div>\n\t\t<\/section>\n\t\t\t\t<section class=\"elementor-section elementor-top-section elementor-element elementor-element-56ea9c0 elementor-section-boxed elementor-section-height-default elementor-section-height-default\" data-id=\"56ea9c0\" data-element_type=\"section\" data-e-type=\"section\">\n\t\t\t\t\t\t<div class=\"elementor-container elementor-column-gap-default\">\n\t\t\t\t\t<div class=\"elementor-column elementor-col-66 elementor-top-column elementor-element elementor-element-d247573\" data-id=\"d247573\" data-element_type=\"column\" data-e-type=\"column\">\n\t\t\t<div class=\"elementor-widget-wrap elementor-element-populated\">\n\t\t\t\t\t\t<div class=\"elementor-element elementor-element-f02c880 elementor-widget elementor-widget-heading\" data-id=\"f02c880\" data-element_type=\"widget\" data-e-type=\"widget\" data-widget_type=\"heading.default\">\n\t\t\t\t<div class=\"elementor-widget-container\">\n\t\t\t\t\t<h6 class=\"elementor-heading-title elementor-size-default\">AREAS IN WHICH \"JL5 INTERNATIONAL MANAGEMENT\" DEVELOPS ITS ACTIVITY IN THE INTERNATIONAL PROJECTION OF INDUSTRIAL SMEs<\/h6>\t\t\t\t<\/div>\n\t\t\t\t<\/div>\n\t\t\t\t<div class=\"elementor-element elementor-element-6da336f elementor-widget elementor-widget-text-editor\" data-id=\"6da336f\" data-element_type=\"widget\" data-e-type=\"widget\" data-widget_type=\"text-editor.default\">\n\t\t\t\t<div class=\"elementor-widget-container\">\n\t\t\t\t\t\t\t\t\t<ul><li>Market Research (tariffs, competition, demand, etc.)<\/li><li>Determination of the Map of Potential Clients.<\/li><li>Establishment of Distribution Networks.<\/li><li>Campaigns to attract customers, agents or distributors<\/li><li>Representation of the client at Management level in new environments of international action<\/li><li>Establishment of Commercial Collaboration Agreements<\/li><\/ul>\t\t\t\t\t\t\t\t<\/div>\n\t\t\t\t<\/div>\n\t\t\t\t\t<\/div>\n\t\t<\/div>\n\t\t\t\t<div class=\"elementor-column elementor-col-33 elementor-top-column elementor-element elementor-element-513dd9a\" data-id=\"513dd9a\" data-element_type=\"column\" data-e-type=\"column\">\n\t\t\t<div class=\"elementor-widget-wrap elementor-element-populated\">\n\t\t\t\t\t\t<div class=\"elementor-element elementor-element-a00b0ff elementor-widget elementor-widget-image\" data-id=\"a00b0ff\" data-element_type=\"widget\" data-e-type=\"widget\" data-widget_type=\"image.default\">\n\t\t\t\t<div class=\"elementor-widget-container\">\n\t\t\t\t\t\t\t\t\t\t\t\t\t\t\t<img fetchpriority=\"high\" decoding=\"async\" width=\"400\" height=\"700\" src=\"https:\/\/comtrade.es\/wp-content\/uploads\/2022\/02\/Javier-Luque-Istanbul.jpg\" class=\"attachment-full size-full wp-image-1914\" alt=\"\" srcset=\"https:\/\/comtrade.es\/wp-content\/uploads\/2022\/02\/Javier-Luque-Istanbul.jpg 400w, https:\/\/comtrade.es\/wp-content\/uploads\/2022\/02\/Javier-Luque-Istanbul-171x300.jpg 171w, https:\/\/comtrade.es\/wp-content\/uploads\/2022\/02\/Javier-Luque-Istanbul-7x12.jpg 7w\" sizes=\"(max-width: 400px) 100vw, 400px\" \/>\t\t\t\t\t\t\t\t\t\t\t\t\t\t\t<\/div>\n\t\t\t\t<\/div>\n\t\t\t\t\t<\/div>\n\t\t<\/div>\n\t\t\t\t\t<\/div>\n\t\t<\/section>\n\t\t\t\t<\/div>","protected":false},"excerpt":{"rendered":"<p>\u00c1reas de Actuaci\u00f3n \u00c1REAS EN LAS QUE \u201cJL5 GESTI\u00d3N INTERNACIONAL\u201d DESARROLLA SU ACTIVIDAD EN LA PROYECCI\u00d3N INTERNACIONAL DE PYMES INDUSTRIALES Investigaci\u00f3n de Mercado (aranceles, competencia, demanda, etc.) Determinaci\u00f3n del Mapa de Clientes Potenciales Establecimiento de Redes de Distribuci\u00f3n. Campa\u00f1as de captaci\u00f3n de clientes, agentes o distribuidores Representaci\u00f3n del cliente a nivel de Direcci\u00f3n en nuevos [&hellip;]<\/p>\n","protected":false},"author":1,"featured_media":0,"parent":0,"menu_order":0,"comment_status":"closed","ping_status":"closed","template":"","meta":{"_coblocks_attr":"","_coblocks_dimensions":"","_coblocks_responsive_height":"","_coblocks_accordion_ie_support":"","site-sidebar-layout":"left-sidebar","site-content-layout":"plain-container","ast-site-content-layout":"default","site-content-style":"default","site-sidebar-style":"default","ast-global-header-display":"","ast-banner-title-visibility":"","ast-main-header-display":"","ast-hfb-above-header-display":"","ast-hfb-below-header-display":"","ast-hfb-mobile-header-display":"","site-post-title":"disabled","ast-breadcrumbs-content":"","ast-featured-img":"disabled","footer-sml-layout":"","ast-disable-related-posts":"","theme-transparent-header-meta":"","adv-header-id-meta":"","stick-header-meta":"","header-above-stick-meta":"","header-main-stick-meta":"","header-below-stick-meta":"","astra-migrate-meta-layouts":"default","ast-page-background-enabled":"default","ast-page-background-meta":{"desktop":{"background-color":"","background-image":"","background-repeat":"repeat","background-position":"center center","background-size":"auto","background-attachment":"scroll","background-type":"","background-media":"","overlay-type":"","overlay-color":"","overlay-opacity":"","overlay-gradient":""},"tablet":{"background-color":"","background-image":"","background-repeat":"repeat","background-position":"center center","background-size":"auto","background-attachment":"scroll","background-type":"","background-media":"","overlay-type":"","overlay-color":"","overlay-opacity":"","overlay-gradient":""},"mobile":{"background-color":"","background-image":"","background-repeat":"repeat","background-position":"center center","background-size":"auto","background-attachment":"scroll","background-type":"","background-media":"","overlay-type":"","overlay-color":"","overlay-opacity":"","overlay-gradient":""}},"ast-content-background-meta":{"desktop":{"background-color":"var(--ast-global-color-5)","background-image":"","background-repeat":"repeat","background-position":"center center","background-size":"auto","background-attachment":"scroll","background-type":"","background-media":"","overlay-type":"","overlay-color":"","overlay-opacity":"","overlay-gradient":""},"tablet":{"background-color":"var(--ast-global-color-5)","background-image":"","background-repeat":"repeat","background-position":"center center","background-size":"auto","background-attachment":"scroll","background-type":"","background-media":"","overlay-type":"","overlay-color":"","overlay-opacity":"","overlay-gradient":""},"mobile":{"background-color":"var(--ast-global-color-5)","background-image":"","background-repeat":"repeat","background-position":"center center","background-size":"auto","background-attachment":"scroll","background-type":"","background-media":"","overlay-type":"","overlay-color":"","overlay-opacity":"","overlay-gradient":""}},"footnotes":""},"class_list":["post-578","page","type-page","status-publish","hentry"],"yoast_head":"<!-- This site is optimized with the Yoast SEO plugin v27.3 - https:\/\/yoast.com\/product\/yoast-seo-wordpress\/ -->\n<title>\u00c1reas de Actuaci\u00f3n | Comtrade \u2013 JL5 Gesti\u00f3n Internacional *<\/title>\n<meta name=\"description\" content=\"Entre nuestras \u00e1reas de actuaci\u00f3n se encuentran la Investigaci\u00f3n de Mercado, la determinaci\u00f3n del Mapa de Clientes Potenciales, el establecimiento de Redes de Distribuci\u00f3n...\" \/>\n<meta name=\"robots\" content=\"index, follow, max-snippet:-1, max-image-preview:large, max-video-preview:-1\" \/>\n<link rel=\"canonical\" href=\"http:\/\/comtrade.es\/en\/areas-de-actuacion\/\" \/>\n<meta property=\"og:locale\" content=\"en_GB\" \/>\n<meta property=\"og:type\" content=\"article\" \/>\n<meta property=\"og:title\" content=\"\u00c1reas de Actuaci\u00f3n | Comtrade \u2013 JL5 Gesti\u00f3n Internacional *\" \/>\n<meta property=\"og:description\" content=\"Entre nuestras \u00e1reas de actuaci\u00f3n se encuentran la Investigaci\u00f3n de Mercado, la determinaci\u00f3n del Mapa de Clientes Potenciales, el establecimiento de Redes de Distribuci\u00f3n...\" \/>\n<meta property=\"og:url\" content=\"http:\/\/comtrade.es\/en\/areas-de-actuacion\/\" \/>\n<meta property=\"article:modified_time\" content=\"2022-02-15T19:28:17+00:00\" \/>\n<meta property=\"og:image\" content=\"http:\/\/comtrade.es\/wp-content\/uploads\/2022\/02\/Javier-Luque-Istanbul.jpg\" \/>\n<meta name=\"twitter:card\" content=\"summary_large_image\" \/>\n<meta name=\"twitter:label1\" content=\"Estimated reading time\" \/>\n\t<meta name=\"twitter:data1\" content=\"1 minute\" \/>\n<script type=\"application\/ld+json\" class=\"yoast-schema-graph\">{\"@context\":\"https:\\\/\\\/schema.org\",\"@graph\":[{\"@type\":\"WebPage\",\"@id\":\"http:\\\/\\\/comtrade.es\\\/en\\\/areas-de-actuacion\\\/\",\"url\":\"http:\\\/\\\/comtrade.es\\\/en\\\/areas-de-actuacion\\\/\",\"name\":\"\u00c1reas de Actuaci\u00f3n | Comtrade \u2013 JL5 Gesti\u00f3n Internacional *\",\"isPartOf\":{\"@id\":\"https:\\\/\\\/comtrade.es\\\/es\\\/#website\"},\"primaryImageOfPage\":{\"@id\":\"http:\\\/\\\/comtrade.es\\\/en\\\/areas-de-actuacion\\\/#primaryimage\"},\"image\":{\"@id\":\"http:\\\/\\\/comtrade.es\\\/en\\\/areas-de-actuacion\\\/#primaryimage\"},\"thumbnailUrl\":\"http:\\\/\\\/comtrade.es\\\/wp-content\\\/uploads\\\/2022\\\/02\\\/Javier-Luque-Istanbul.jpg\",\"datePublished\":\"2022-02-07T13:23:16+00:00\",\"dateModified\":\"2022-02-15T19:28:17+00:00\",\"description\":\"Entre nuestras \u00e1reas de actuaci\u00f3n se encuentran la Investigaci\u00f3n de Mercado, la determinaci\u00f3n del Mapa de Clientes Potenciales, el establecimiento de Redes de Distribuci\u00f3n...\",\"breadcrumb\":{\"@id\":\"http:\\\/\\\/comtrade.es\\\/en\\\/areas-de-actuacion\\\/#breadcrumb\"},\"inLanguage\":\"en-GB\",\"potentialAction\":[{\"@type\":\"ReadAction\",\"target\":[\"http:\\\/\\\/comtrade.es\\\/en\\\/areas-de-actuacion\\\/\"]}]},{\"@type\":\"ImageObject\",\"inLanguage\":\"en-GB\",\"@id\":\"http:\\\/\\\/comtrade.es\\\/en\\\/areas-de-actuacion\\\/#primaryimage\",\"url\":\"http:\\\/\\\/comtrade.es\\\/wp-content\\\/uploads\\\/2022\\\/02\\\/Javier-Luque-Istanbul.jpg\",\"contentUrl\":\"http:\\\/\\\/comtrade.es\\\/wp-content\\\/uploads\\\/2022\\\/02\\\/Javier-Luque-Istanbul.jpg\"},{\"@type\":\"BreadcrumbList\",\"@id\":\"http:\\\/\\\/comtrade.es\\\/en\\\/areas-de-actuacion\\\/#breadcrumb\",\"itemListElement\":[{\"@type\":\"ListItem\",\"position\":1,\"name\":\"Portada\",\"item\":\"https:\\\/\\\/comtrade.es\\\/en\\\/\"},{\"@type\":\"ListItem\",\"position\":2,\"name\":\"\u00c1reas de Actuaci\u00f3n | Comtrade \u2013 JL5 Gesti\u00f3n Internacional\"}]},{\"@type\":\"WebSite\",\"@id\":\"https:\\\/\\\/comtrade.es\\\/es\\\/#website\",\"url\":\"https:\\\/\\\/comtrade.es\\\/es\\\/\",\"name\":\"\",\"description\":\"\",\"publisher\":{\"@id\":\"https:\\\/\\\/comtrade.es\\\/es\\\/#organization\"},\"potentialAction\":[{\"@type\":\"SearchAction\",\"target\":{\"@type\":\"EntryPoint\",\"urlTemplate\":\"https:\\\/\\\/comtrade.es\\\/es\\\/?s={search_term_string}\"},\"query-input\":{\"@type\":\"PropertyValueSpecification\",\"valueRequired\":true,\"valueName\":\"search_term_string\"}}],\"inLanguage\":\"en-GB\"},{\"@type\":\"Organization\",\"@id\":\"https:\\\/\\\/comtrade.es\\\/es\\\/#organization\",\"name\":\"JL5\",\"url\":\"https:\\\/\\\/comtrade.es\\\/es\\\/\",\"logo\":{\"@type\":\"ImageObject\",\"inLanguage\":\"en-GB\",\"@id\":\"https:\\\/\\\/comtrade.es\\\/es\\\/#\\\/schema\\\/logo\\\/image\\\/\",\"url\":\"http:\\\/\\\/comtrade.es\\\/wp-content\\\/uploads\\\/2022\\\/02\\\/LogotipoJL5GESTION_webCambiadoColor-1.jpg\",\"contentUrl\":\"http:\\\/\\\/comtrade.es\\\/wp-content\\\/uploads\\\/2022\\\/02\\\/LogotipoJL5GESTION_webCambiadoColor-1.jpg\",\"width\":150,\"height\":113,\"caption\":\"JL5\"},\"image\":{\"@id\":\"https:\\\/\\\/comtrade.es\\\/es\\\/#\\\/schema\\\/logo\\\/image\\\/\"}}]}<\/script>\n<!-- \/ Yoast SEO plugin. -->","yoast_head_json":{"title":"\u00c1reas de Actuaci\u00f3n | Comtrade \u2013 JL5 Gesti\u00f3n Internacional *","description":"Entre nuestras \u00e1reas de actuaci\u00f3n se encuentran la Investigaci\u00f3n de Mercado, la determinaci\u00f3n del Mapa de Clientes Potenciales, el establecimiento de Redes de Distribuci\u00f3n...","robots":{"index":"index","follow":"follow","max-snippet":"max-snippet:-1","max-image-preview":"max-image-preview:large","max-video-preview":"max-video-preview:-1"},"canonical":"http:\/\/comtrade.es\/en\/areas-de-actuacion\/","og_locale":"en_GB","og_type":"article","og_title":"\u00c1reas de Actuaci\u00f3n | Comtrade \u2013 JL5 Gesti\u00f3n Internacional *","og_description":"Entre nuestras \u00e1reas de actuaci\u00f3n se encuentran la Investigaci\u00f3n de Mercado, la determinaci\u00f3n del Mapa de Clientes Potenciales, el establecimiento de Redes de Distribuci\u00f3n...","og_url":"http:\/\/comtrade.es\/en\/areas-de-actuacion\/","article_modified_time":"2022-02-15T19:28:17+00:00","og_image":[{"url":"http:\/\/comtrade.es\/wp-content\/uploads\/2022\/02\/Javier-Luque-Istanbul.jpg","type":"","width":"","height":""}],"twitter_card":"summary_large_image","twitter_misc":{"Estimated reading time":"1 minute"},"schema":{"@context":"https:\/\/schema.org","@graph":[{"@type":"WebPage","@id":"http:\/\/comtrade.es\/en\/areas-de-actuacion\/","url":"http:\/\/comtrade.es\/en\/areas-de-actuacion\/","name":"\u00c1reas de Actuaci\u00f3n | Comtrade \u2013 JL5 Gesti\u00f3n Internacional *","isPartOf":{"@id":"https:\/\/comtrade.es\/es\/#website"},"primaryImageOfPage":{"@id":"http:\/\/comtrade.es\/en\/areas-de-actuacion\/#primaryimage"},"image":{"@id":"http:\/\/comtrade.es\/en\/areas-de-actuacion\/#primaryimage"},"thumbnailUrl":"http:\/\/comtrade.es\/wp-content\/uploads\/2022\/02\/Javier-Luque-Istanbul.jpg","datePublished":"2022-02-07T13:23:16+00:00","dateModified":"2022-02-15T19:28:17+00:00","description":"Entre nuestras \u00e1reas de actuaci\u00f3n se encuentran la Investigaci\u00f3n de Mercado, la determinaci\u00f3n del Mapa de Clientes Potenciales, el establecimiento de Redes de Distribuci\u00f3n...","breadcrumb":{"@id":"http:\/\/comtrade.es\/en\/areas-de-actuacion\/#breadcrumb"},"inLanguage":"en-GB","potentialAction":[{"@type":"ReadAction","target":["http:\/\/comtrade.es\/en\/areas-de-actuacion\/"]}]},{"@type":"ImageObject","inLanguage":"en-GB","@id":"http:\/\/comtrade.es\/en\/areas-de-actuacion\/#primaryimage","url":"http:\/\/comtrade.es\/wp-content\/uploads\/2022\/02\/Javier-Luque-Istanbul.jpg","contentUrl":"http:\/\/comtrade.es\/wp-content\/uploads\/2022\/02\/Javier-Luque-Istanbul.jpg"},{"@type":"BreadcrumbList","@id":"http:\/\/comtrade.es\/en\/areas-de-actuacion\/#breadcrumb","itemListElement":[{"@type":"ListItem","position":1,"name":"Portada","item":"https:\/\/comtrade.es\/en\/"},{"@type":"ListItem","position":2,"name":"\u00c1reas de Actuaci\u00f3n | Comtrade \u2013 JL5 Gesti\u00f3n Internacional"}]},{"@type":"WebSite","@id":"https:\/\/comtrade.es\/es\/#website","url":"https:\/\/comtrade.es\/es\/","name":"","description":"","publisher":{"@id":"https:\/\/comtrade.es\/es\/#organization"},"potentialAction":[{"@type":"SearchAction","target":{"@type":"EntryPoint","urlTemplate":"https:\/\/comtrade.es\/es\/?s={search_term_string}"},"query-input":{"@type":"PropertyValueSpecification","valueRequired":true,"valueName":"search_term_string"}}],"inLanguage":"en-GB"},{"@type":"Organization","@id":"https:\/\/comtrade.es\/es\/#organization","name":"JL5","url":"https:\/\/comtrade.es\/es\/","logo":{"@type":"ImageObject","inLanguage":"en-GB","@id":"https:\/\/comtrade.es\/es\/#\/schema\/logo\/image\/","url":"http:\/\/comtrade.es\/wp-content\/uploads\/2022\/02\/LogotipoJL5GESTION_webCambiadoColor-1.jpg","contentUrl":"http:\/\/comtrade.es\/wp-content\/uploads\/2022\/02\/LogotipoJL5GESTION_webCambiadoColor-1.jpg","width":150,"height":113,"caption":"JL5"},"image":{"@id":"https:\/\/comtrade.es\/es\/#\/schema\/logo\/image\/"}}]}},"_links":{"self":[{"href":"https:\/\/comtrade.es\/en\/wp-json\/wp\/v2\/pages\/578","targetHints":{"allow":["GET"]}}],"collection":[{"href":"https:\/\/comtrade.es\/en\/wp-json\/wp\/v2\/pages"}],"about":[{"href":"https:\/\/comtrade.es\/en\/wp-json\/wp\/v2\/types\/page"}],"author":[{"embeddable":true,"href":"https:\/\/comtrade.es\/en\/wp-json\/wp\/v2\/users\/1"}],"replies":[{"embeddable":true,"href":"https:\/\/comtrade.es\/en\/wp-json\/wp\/v2\/comments?post=578"}],"version-history":[{"count":0,"href":"https:\/\/comtrade.es\/en\/wp-json\/wp\/v2\/pages\/578\/revisions"}],"wp:attachment":[{"href":"https:\/\/comtrade.es\/en\/wp-json\/wp\/v2\/media?parent=578"}],"curies":[{"name":"wp","href":"https:\/\/api.w.org\/{rel}","templated":true}]}}