{"id":567,"date":"2022-02-07T13:12:48","date_gmt":"2022-02-07T13:12:48","guid":{"rendered":"http:\/\/v2h.2a7.mywebsitetransfer.com\/?page_id=567"},"modified":"2022-02-15T19:20:58","modified_gmt":"2022-02-15T19:20:58","slug":"nuestros-clientes","status":"publish","type":"page","link":"https:\/\/comtrade.es\/en\/nuestros-clientes\/","title":{"rendered":"Nuestros Clientes | Comtrade \u2013 JL5 Gesti\u00f3n Internacional\u00a0"},"content":{"rendered":"<div data-elementor-type=\"wp-page\" data-elementor-id=\"567\" class=\"elementor elementor-567\">\n\t\t\t\t\t\t<section class=\"elementor-section elementor-top-section elementor-element elementor-element-6bf9198f elementor-section-content-middle elementor-section-boxed elementor-section-height-default elementor-section-height-default\" data-id=\"6bf9198f\" data-element_type=\"section\" data-e-type=\"section\" data-settings=\"{&quot;background_background&quot;:&quot;classic&quot;}\">\n\t\t\t\t\t\t<div class=\"elementor-container elementor-column-gap-no\">\n\t\t\t\t\t<div class=\"elementor-column elementor-col-100 elementor-top-column elementor-element elementor-element-44d532f9\" data-id=\"44d532f9\" data-element_type=\"column\" data-e-type=\"column\">\n\t\t\t<div class=\"elementor-widget-wrap elementor-element-populated\">\n\t\t\t\t\t\t<div class=\"elementor-element elementor-element-26ab01b3 elementor-widget-mobile__width-inherit elementor-widget elementor-widget-heading\" data-id=\"26ab01b3\" data-element_type=\"widget\" data-e-type=\"widget\" data-widget_type=\"heading.default\">\n\t\t\t\t<div class=\"elementor-widget-container\">\n\t\t\t\t\t<h1 class=\"elementor-heading-title elementor-size-default\">Our Clients<\/h1>\t\t\t\t<\/div>\n\t\t\t\t<\/div>\n\t\t\t\t\t<\/div>\n\t\t<\/div>\n\t\t\t\t\t<\/div>\n\t\t<\/section>\n\t\t\t\t<section class=\"elementor-section elementor-top-section elementor-element elementor-element-7a0da722 elementor-section-boxed elementor-section-height-default elementor-section-height-default\" data-id=\"7a0da722\" data-element_type=\"section\" data-e-type=\"section\">\n\t\t\t\t\t\t\t<div class=\"elementor-background-overlay\"><\/div>\n\t\t\t\t\t\t\t<div class=\"elementor-container elementor-column-gap-default\">\n\t\t\t\t\t<div class=\"elementor-column elementor-col-100 elementor-top-column elementor-element elementor-element-3b4d7c9b\" data-id=\"3b4d7c9b\" data-element_type=\"column\" data-e-type=\"column\">\n\t\t\t<div class=\"elementor-widget-wrap elementor-element-populated\">\n\t\t\t\t\t\t<div class=\"elementor-element elementor-element-3e7e0141 elementor-widget elementor-widget-image\" data-id=\"3e7e0141\" data-element_type=\"widget\" data-e-type=\"widget\" data-widget_type=\"image.default\">\n\t\t\t\t<div class=\"elementor-widget-container\">\n\t\t\t\t\t\t\t\t\t\t\t\t\t\t\t<img fetchpriority=\"high\" decoding=\"async\" width=\"850\" height=\"357\" src=\"https:\/\/comtrade.es\/wp-content\/uploads\/2022\/02\/Nuestros-Clientes-JL5.jpg\" class=\"attachment-large size-large wp-image-1182\" alt=\"\" srcset=\"https:\/\/comtrade.es\/wp-content\/uploads\/2022\/02\/Nuestros-Clientes-JL5.jpg 850w, https:\/\/comtrade.es\/wp-content\/uploads\/2022\/02\/Nuestros-Clientes-JL5-300x126.jpg 300w, https:\/\/comtrade.es\/wp-content\/uploads\/2022\/02\/Nuestros-Clientes-JL5-768x323.jpg 768w, https:\/\/comtrade.es\/wp-content\/uploads\/2022\/02\/Nuestros-Clientes-JL5-18x8.jpg 18w\" sizes=\"(max-width: 850px) 100vw, 850px\" \/>\t\t\t\t\t\t\t\t\t\t\t\t\t\t\t<\/div>\n\t\t\t\t<\/div>\n\t\t\t\t<div class=\"elementor-element elementor-element-5df5187f elementor-widget elementor-widget-text-editor\" data-id=\"5df5187f\" data-element_type=\"widget\" data-e-type=\"widget\" data-widget_type=\"text-editor.default\">\n\t\t\t\t<div class=\"elementor-widget-container\">\n\t\t\t\t\t\t\t\t\t<p>Our clients are small or medium-sized industrial companies (SMEs) based in the Basque Country. These companies usually have a very small staff structure, especially in their management positions, and they are often multi-functional. In some cases it is the Management itself who assumes the Commercial Management, in others the Commercial Management must carry out functions of the Purchasing Department. Normally these \"managers\" are high-level professionals with a very high workload that forces them to take an accelerated decision-making situation... in a permanent \"action-reaction\" framework. Under these conditions, it is very complex to face new challenges or approach new markets.<\/p><p>The main problem faced by managers in SMEs is the lack of time and means to obtain information that will help them make decisions in new areas of action, and also to monitor and manage the activity in new projects.<\/p>\t\t\t\t\t\t\t\t<\/div>\n\t\t\t\t<\/div>\n\t\t\t\t\t<\/div>\n\t\t<\/div>\n\t\t\t\t\t<\/div>\n\t\t<\/section>\n\t\t\t\t<\/div>","protected":false},"excerpt":{"rendered":"<p>Nuestros Clientes Nuestros clientes son empresas industriales de dimensi\u00f3n media o peque\u00f1a (PYMEs) radicadas en el Pa\u00eds Vasco. Estas empresas suelen tener normalmente una estructura de personal muy reducida especialmente en sus puestos directivos y que en muchas ocasiones son multi-funcionales. En algunos casos es la propia Gerencia qui\u00e9n asume la Direcci\u00f3n Comercial, en otros [&hellip;]<\/p>\n","protected":false},"author":1,"featured_media":0,"parent":0,"menu_order":0,"comment_status":"closed","ping_status":"closed","template":"","meta":{"_coblocks_attr":"","_coblocks_dimensions":"","_coblocks_responsive_height":"","_coblocks_accordion_ie_support":"","site-sidebar-layout":"left-sidebar","site-content-layout":"plain-container","ast-site-content-layout":"default","site-content-style":"default","site-sidebar-style":"default","ast-global-header-display":"","ast-banner-title-visibility":"","ast-main-header-display":"","ast-hfb-above-header-display":"","ast-hfb-below-header-display":"","ast-hfb-mobile-header-display":"","site-post-title":"disabled","ast-breadcrumbs-content":"","ast-featured-img":"disabled","footer-sml-layout":"","ast-disable-related-posts":"","theme-transparent-header-meta":"","adv-header-id-meta":"","stick-header-meta":"","header-above-stick-meta":"","header-main-stick-meta":"","header-below-stick-meta":"","astra-migrate-meta-layouts":"default","ast-page-background-enabled":"default","ast-page-background-meta":{"desktop":{"background-color":"","background-image":"","background-repeat":"repeat","background-position":"center center","background-size":"auto","background-attachment":"scroll","background-type":"","background-media":"","overlay-type":"","overlay-color":"","overlay-opacity":"","overlay-gradient":""},"tablet":{"background-color":"","background-image":"","background-repeat":"repeat","background-position":"center center","background-size":"auto","background-attachment":"scroll","background-type":"","background-media":"","overlay-type":"","overlay-color":"","overlay-opacity":"","overlay-gradient":""},"mobile":{"background-color":"","background-image":"","background-repeat":"repeat","background-position":"center center","background-size":"auto","background-attachment":"scroll","background-type":"","background-media":"","overlay-type":"","overlay-color":"","overlay-opacity":"","overlay-gradient":""}},"ast-content-background-meta":{"desktop":{"background-color":"var(--ast-global-color-5)","background-image":"","background-repeat":"repeat","background-position":"center center","background-size":"auto","background-attachment":"scroll","background-type":"","background-media":"","overlay-type":"","overlay-color":"","overlay-opacity":"","overlay-gradient":""},"tablet":{"background-color":"var(--ast-global-color-5)","background-image":"","background-repeat":"repeat","background-position":"center center","background-size":"auto","background-attachment":"scroll","background-type":"","background-media":"","overlay-type":"","overlay-color":"","overlay-opacity":"","overlay-gradient":""},"mobile":{"background-color":"var(--ast-global-color-5)","background-image":"","background-repeat":"repeat","background-position":"center center","background-size":"auto","background-attachment":"scroll","background-type":"","background-media":"","overlay-type":"","overlay-color":"","overlay-opacity":"","overlay-gradient":""}},"footnotes":""},"class_list":["post-567","page","type-page","status-publish","hentry"],"yoast_head":"<!-- This site is optimized with the Yoast SEO plugin v27.3 - https:\/\/yoast.com\/product\/yoast-seo-wordpress\/ -->\n<title>Nuestros Clientes | Comtrade \u2013 JL5 Gesti\u00f3n Internacional\u00a0 *<\/title>\n<meta name=\"description\" content=\"Nuestros clientes son empresas industriales de dimensi\u00f3n media o peque\u00f1a (PYMEs) radicadas en el Pa\u00eds Vasco.\" \/>\n<meta name=\"robots\" content=\"index, follow, max-snippet:-1, max-image-preview:large, max-video-preview:-1\" \/>\n<link rel=\"canonical\" href=\"http:\/\/comtrade.es\/en\/nuestros-clientes\/\" \/>\n<meta property=\"og:locale\" content=\"en_GB\" \/>\n<meta property=\"og:type\" content=\"article\" \/>\n<meta property=\"og:title\" content=\"Nuestros Clientes | Comtrade \u2013 JL5 Gesti\u00f3n Internacional\u00a0 *\" \/>\n<meta property=\"og:description\" content=\"Nuestros clientes son empresas industriales de dimensi\u00f3n media o peque\u00f1a (PYMEs) radicadas en el Pa\u00eds Vasco.\" \/>\n<meta property=\"og:url\" content=\"http:\/\/comtrade.es\/en\/nuestros-clientes\/\" \/>\n<meta property=\"article:modified_time\" content=\"2022-02-15T19:20:58+00:00\" \/>\n<meta property=\"og:image\" content=\"http:\/\/comtrade.es\/wp-content\/uploads\/2022\/02\/Nuestros-Clientes-JL5.jpg\" \/>\n<meta name=\"twitter:card\" content=\"summary_large_image\" \/>\n<meta name=\"twitter:label1\" content=\"Estimated reading time\" \/>\n\t<meta name=\"twitter:data1\" content=\"1 minute\" \/>\n<script type=\"application\/ld+json\" class=\"yoast-schema-graph\">{\"@context\":\"https:\\\/\\\/schema.org\",\"@graph\":[{\"@type\":\"WebPage\",\"@id\":\"http:\\\/\\\/comtrade.es\\\/es\\\/nuestros-clientes\\\/\",\"url\":\"http:\\\/\\\/comtrade.es\\\/es\\\/nuestros-clientes\\\/\",\"name\":\"Nuestros Clientes | Comtrade \u2013 JL5 Gesti\u00f3n Internacional\u00a0 *\",\"isPartOf\":{\"@id\":\"https:\\\/\\\/comtrade.es\\\/es\\\/#website\"},\"primaryImageOfPage\":{\"@id\":\"http:\\\/\\\/comtrade.es\\\/es\\\/nuestros-clientes\\\/#primaryimage\"},\"image\":{\"@id\":\"http:\\\/\\\/comtrade.es\\\/es\\\/nuestros-clientes\\\/#primaryimage\"},\"thumbnailUrl\":\"http:\\\/\\\/comtrade.es\\\/wp-content\\\/uploads\\\/2022\\\/02\\\/Nuestros-Clientes-JL5.jpg\",\"datePublished\":\"2022-02-07T13:12:48+00:00\",\"dateModified\":\"2022-02-15T19:20:58+00:00\",\"description\":\"Nuestros clientes son empresas industriales de dimensi\u00f3n media o peque\u00f1a (PYMEs) radicadas en el Pa\u00eds Vasco.\",\"breadcrumb\":{\"@id\":\"http:\\\/\\\/comtrade.es\\\/es\\\/nuestros-clientes\\\/#breadcrumb\"},\"inLanguage\":\"en-GB\",\"potentialAction\":[{\"@type\":\"ReadAction\",\"target\":[\"http:\\\/\\\/comtrade.es\\\/es\\\/nuestros-clientes\\\/\"]}]},{\"@type\":\"ImageObject\",\"inLanguage\":\"en-GB\",\"@id\":\"http:\\\/\\\/comtrade.es\\\/es\\\/nuestros-clientes\\\/#primaryimage\",\"url\":\"http:\\\/\\\/comtrade.es\\\/wp-content\\\/uploads\\\/2022\\\/02\\\/Nuestros-Clientes-JL5.jpg\",\"contentUrl\":\"http:\\\/\\\/comtrade.es\\\/wp-content\\\/uploads\\\/2022\\\/02\\\/Nuestros-Clientes-JL5.jpg\"},{\"@type\":\"BreadcrumbList\",\"@id\":\"http:\\\/\\\/comtrade.es\\\/es\\\/nuestros-clientes\\\/#breadcrumb\",\"itemListElement\":[{\"@type\":\"ListItem\",\"position\":1,\"name\":\"Portada\",\"item\":\"https:\\\/\\\/comtrade.es\\\/en\\\/\"},{\"@type\":\"ListItem\",\"position\":2,\"name\":\"Nuestros Clientes | Comtrade \u2013 JL5 Gesti\u00f3n Internacional\u00a0\"}]},{\"@type\":\"WebSite\",\"@id\":\"https:\\\/\\\/comtrade.es\\\/es\\\/#website\",\"url\":\"https:\\\/\\\/comtrade.es\\\/es\\\/\",\"name\":\"\",\"description\":\"\",\"publisher\":{\"@id\":\"https:\\\/\\\/comtrade.es\\\/es\\\/#organization\"},\"potentialAction\":[{\"@type\":\"SearchAction\",\"target\":{\"@type\":\"EntryPoint\",\"urlTemplate\":\"https:\\\/\\\/comtrade.es\\\/es\\\/?s={search_term_string}\"},\"query-input\":{\"@type\":\"PropertyValueSpecification\",\"valueRequired\":true,\"valueName\":\"search_term_string\"}}],\"inLanguage\":\"en-GB\"},{\"@type\":\"Organization\",\"@id\":\"https:\\\/\\\/comtrade.es\\\/es\\\/#organization\",\"name\":\"JL5\",\"url\":\"https:\\\/\\\/comtrade.es\\\/es\\\/\",\"logo\":{\"@type\":\"ImageObject\",\"inLanguage\":\"en-GB\",\"@id\":\"https:\\\/\\\/comtrade.es\\\/es\\\/#\\\/schema\\\/logo\\\/image\\\/\",\"url\":\"http:\\\/\\\/comtrade.es\\\/wp-content\\\/uploads\\\/2022\\\/02\\\/LogotipoJL5GESTION_webCambiadoColor-1.jpg\",\"contentUrl\":\"http:\\\/\\\/comtrade.es\\\/wp-content\\\/uploads\\\/2022\\\/02\\\/LogotipoJL5GESTION_webCambiadoColor-1.jpg\",\"width\":150,\"height\":113,\"caption\":\"JL5\"},\"image\":{\"@id\":\"https:\\\/\\\/comtrade.es\\\/es\\\/#\\\/schema\\\/logo\\\/image\\\/\"}}]}<\/script>\n<!-- \/ Yoast SEO plugin. -->","yoast_head_json":{"title":"Nuestros Clientes | Comtrade \u2013 JL5 Gesti\u00f3n Internacional\u00a0 *","description":"Nuestros clientes son empresas industriales de dimensi\u00f3n media o peque\u00f1a (PYMEs) radicadas en el Pa\u00eds Vasco.","robots":{"index":"index","follow":"follow","max-snippet":"max-snippet:-1","max-image-preview":"max-image-preview:large","max-video-preview":"max-video-preview:-1"},"canonical":"http:\/\/comtrade.es\/en\/nuestros-clientes\/","og_locale":"en_GB","og_type":"article","og_title":"Nuestros Clientes | Comtrade \u2013 JL5 Gesti\u00f3n Internacional\u00a0 *","og_description":"Nuestros clientes son empresas industriales de dimensi\u00f3n media o peque\u00f1a (PYMEs) radicadas en el Pa\u00eds Vasco.","og_url":"http:\/\/comtrade.es\/en\/nuestros-clientes\/","article_modified_time":"2022-02-15T19:20:58+00:00","og_image":[{"url":"http:\/\/comtrade.es\/wp-content\/uploads\/2022\/02\/Nuestros-Clientes-JL5.jpg","type":"","width":"","height":""}],"twitter_card":"summary_large_image","twitter_misc":{"Estimated reading time":"1 minute"},"schema":{"@context":"https:\/\/schema.org","@graph":[{"@type":"WebPage","@id":"http:\/\/comtrade.es\/es\/nuestros-clientes\/","url":"http:\/\/comtrade.es\/es\/nuestros-clientes\/","name":"Nuestros Clientes | Comtrade \u2013 JL5 Gesti\u00f3n Internacional\u00a0 *","isPartOf":{"@id":"https:\/\/comtrade.es\/es\/#website"},"primaryImageOfPage":{"@id":"http:\/\/comtrade.es\/es\/nuestros-clientes\/#primaryimage"},"image":{"@id":"http:\/\/comtrade.es\/es\/nuestros-clientes\/#primaryimage"},"thumbnailUrl":"http:\/\/comtrade.es\/wp-content\/uploads\/2022\/02\/Nuestros-Clientes-JL5.jpg","datePublished":"2022-02-07T13:12:48+00:00","dateModified":"2022-02-15T19:20:58+00:00","description":"Nuestros clientes son empresas industriales de dimensi\u00f3n media o peque\u00f1a (PYMEs) radicadas en el Pa\u00eds Vasco.","breadcrumb":{"@id":"http:\/\/comtrade.es\/es\/nuestros-clientes\/#breadcrumb"},"inLanguage":"en-GB","potentialAction":[{"@type":"ReadAction","target":["http:\/\/comtrade.es\/es\/nuestros-clientes\/"]}]},{"@type":"ImageObject","inLanguage":"en-GB","@id":"http:\/\/comtrade.es\/es\/nuestros-clientes\/#primaryimage","url":"http:\/\/comtrade.es\/wp-content\/uploads\/2022\/02\/Nuestros-Clientes-JL5.jpg","contentUrl":"http:\/\/comtrade.es\/wp-content\/uploads\/2022\/02\/Nuestros-Clientes-JL5.jpg"},{"@type":"BreadcrumbList","@id":"http:\/\/comtrade.es\/es\/nuestros-clientes\/#breadcrumb","itemListElement":[{"@type":"ListItem","position":1,"name":"Portada","item":"https:\/\/comtrade.es\/en\/"},{"@type":"ListItem","position":2,"name":"Nuestros Clientes | Comtrade \u2013 JL5 Gesti\u00f3n Internacional\u00a0"}]},{"@type":"WebSite","@id":"https:\/\/comtrade.es\/es\/#website","url":"https:\/\/comtrade.es\/es\/","name":"","description":"","publisher":{"@id":"https:\/\/comtrade.es\/es\/#organization"},"potentialAction":[{"@type":"SearchAction","target":{"@type":"EntryPoint","urlTemplate":"https:\/\/comtrade.es\/es\/?s={search_term_string}"},"query-input":{"@type":"PropertyValueSpecification","valueRequired":true,"valueName":"search_term_string"}}],"inLanguage":"en-GB"},{"@type":"Organization","@id":"https:\/\/comtrade.es\/es\/#organization","name":"JL5","url":"https:\/\/comtrade.es\/es\/","logo":{"@type":"ImageObject","inLanguage":"en-GB","@id":"https:\/\/comtrade.es\/es\/#\/schema\/logo\/image\/","url":"http:\/\/comtrade.es\/wp-content\/uploads\/2022\/02\/LogotipoJL5GESTION_webCambiadoColor-1.jpg","contentUrl":"http:\/\/comtrade.es\/wp-content\/uploads\/2022\/02\/LogotipoJL5GESTION_webCambiadoColor-1.jpg","width":150,"height":113,"caption":"JL5"},"image":{"@id":"https:\/\/comtrade.es\/es\/#\/schema\/logo\/image\/"}}]}},"_links":{"self":[{"href":"https:\/\/comtrade.es\/en\/wp-json\/wp\/v2\/pages\/567","targetHints":{"allow":["GET"]}}],"collection":[{"href":"https:\/\/comtrade.es\/en\/wp-json\/wp\/v2\/pages"}],"about":[{"href":"https:\/\/comtrade.es\/en\/wp-json\/wp\/v2\/types\/page"}],"author":[{"embeddable":true,"href":"https:\/\/comtrade.es\/en\/wp-json\/wp\/v2\/users\/1"}],"replies":[{"embeddable":true,"href":"https:\/\/comtrade.es\/en\/wp-json\/wp\/v2\/comments?post=567"}],"version-history":[{"count":0,"href":"https:\/\/comtrade.es\/en\/wp-json\/wp\/v2\/pages\/567\/revisions"}],"wp:attachment":[{"href":"https:\/\/comtrade.es\/en\/wp-json\/wp\/v2\/media?parent=567"}],"curies":[{"name":"wp","href":"https:\/\/api.w.org\/{rel}","templated":true}]}}