{"id":563,"date":"2022-02-07T13:10:17","date_gmt":"2022-02-07T13:10:17","guid":{"rendered":"http:\/\/v2h.2a7.mywebsitetransfer.com\/?page_id=563"},"modified":"2022-02-15T19:25:08","modified_gmt":"2022-02-15T19:25:08","slug":"gestion-interina","status":"publish","type":"page","link":"https:\/\/comtrade.es\/en\/gestion-interina\/","title":{"rendered":"Gesti\u00f3n Interina | Comtrade \u2013 JL5 Gesti\u00f3n Internacional"},"content":{"rendered":"<div data-elementor-type=\"wp-page\" data-elementor-id=\"563\" class=\"elementor elementor-563\">\n\t\t\t\t\t\t<section class=\"elementor-section elementor-top-section elementor-element elementor-element-7855d782 elementor-section-content-middle elementor-section-boxed elementor-section-height-default elementor-section-height-default\" data-id=\"7855d782\" data-element_type=\"section\" data-e-type=\"section\" data-settings=\"{&quot;background_background&quot;:&quot;classic&quot;}\">\n\t\t\t\t\t\t<div class=\"elementor-container elementor-column-gap-no\">\n\t\t\t\t\t<div class=\"elementor-column elementor-col-100 elementor-top-column elementor-element elementor-element-74c459d7\" data-id=\"74c459d7\" data-element_type=\"column\" data-e-type=\"column\">\n\t\t\t<div class=\"elementor-widget-wrap elementor-element-populated\">\n\t\t\t\t\t\t<div class=\"elementor-element elementor-element-404bb4f9 elementor-widget-mobile__width-inherit elementor-widget elementor-widget-heading\" data-id=\"404bb4f9\" data-element_type=\"widget\" data-e-type=\"widget\" data-widget_type=\"heading.default\">\n\t\t\t\t<div class=\"elementor-widget-container\">\n\t\t\t\t\t<h1 class=\"elementor-heading-title elementor-size-default\">Interim Management<\/h1>\t\t\t\t<\/div>\n\t\t\t\t<\/div>\n\t\t\t\t\t<\/div>\n\t\t<\/div>\n\t\t\t\t\t<\/div>\n\t\t<\/section>\n\t\t\t\t<section class=\"elementor-section elementor-top-section elementor-element elementor-element-a09abdf elementor-section-boxed elementor-section-height-default elementor-section-height-default\" data-id=\"a09abdf\" data-element_type=\"section\" data-e-type=\"section\" data-settings=\"{&quot;background_background&quot;:&quot;classic&quot;}\">\n\t\t\t\t\t\t<div class=\"elementor-container elementor-column-gap-default\">\n\t\t\t\t\t<div class=\"elementor-column elementor-col-100 elementor-top-column elementor-element elementor-element-d0d4a89\" data-id=\"d0d4a89\" data-element_type=\"column\" data-e-type=\"column\">\n\t\t\t<div class=\"elementor-widget-wrap elementor-element-populated\">\n\t\t\t\t\t\t<div class=\"elementor-element elementor-element-c096232 elementor-widget elementor-widget-image\" data-id=\"c096232\" data-element_type=\"widget\" data-e-type=\"widget\" data-widget_type=\"image.default\">\n\t\t\t\t<div class=\"elementor-widget-container\">\n\t\t\t\t\t\t\t\t\t\t\t\t\t\t\t<img fetchpriority=\"high\" decoding=\"async\" width=\"850\" height=\"380\" src=\"http:\/\/comtrade.es\/wp-content\/uploads\/2022\/02\/Equipo-JL5-Gestio\u0301n-Internacional.jpg\" class=\"attachment-large size-large wp-image-1326\" alt=\"\" srcset=\"http:\/\/comtrade.es\/wp-content\/uploads\/2022\/02\/Equipo-JL5-Gestio\u0301n-Internacional.jpg 850w, http:\/\/comtrade.es\/wp-content\/uploads\/2022\/02\/Equipo-JL5-Gestio\u0301n-Internacional-300x134.jpg 300w, http:\/\/comtrade.es\/wp-content\/uploads\/2022\/02\/Equipo-JL5-Gestio\u0301n-Internacional-768x343.jpg 768w, http:\/\/comtrade.es\/wp-content\/uploads\/2022\/02\/Equipo-JL5-Gestio\u0301n-Internacional-18x8.jpg 18w\" sizes=\"(max-width: 850px) 100vw, 850px\" \/>\t\t\t\t\t\t\t\t\t\t\t\t\t\t\t<\/div>\n\t\t\t\t<\/div>\n\t\t\t\t\t<\/div>\n\t\t<\/div>\n\t\t\t\t\t<\/div>\n\t\t<\/section>\n\t\t\t\t<section class=\"elementor-section elementor-top-section elementor-element elementor-element-4436fa0 elementor-section-boxed elementor-section-height-default elementor-section-height-default\" data-id=\"4436fa0\" data-element_type=\"section\" data-e-type=\"section\">\n\t\t\t\t\t\t<div class=\"elementor-container elementor-column-gap-default\">\n\t\t\t\t\t<div class=\"elementor-column elementor-col-50 elementor-top-column elementor-element elementor-element-6d3cffc\" data-id=\"6d3cffc\" data-element_type=\"column\" data-e-type=\"column\" data-settings=\"{&quot;background_background&quot;:&quot;classic&quot;}\">\n\t\t\t<div class=\"elementor-widget-wrap elementor-element-populated\">\n\t\t\t\t\t\t<div class=\"elementor-element elementor-element-7259eb1d elementor-widget elementor-widget-text-editor\" data-id=\"7259eb1d\" data-element_type=\"widget\" data-e-type=\"widget\" data-widget_type=\"text-editor.default\">\n\t\t\t\t<div class=\"elementor-widget-container\">\n\t\t\t\t\t\t\t\t\t<h4><span style=\"font-style: inherit; font-weight: inherit;\">WHAT IS INTERIM\u00a0<\/span><\/h4><h4><span style=\"font-style: inherit; font-weight: inherit;\">MANAGEMENT?<\/span><\/h4><ul class=\"list\"><li>It is an Executive Management service.<\/li><li>It is done through a temporary intervention.<\/li><li>It is focused on the treatment of concrete activities.<\/li><li>It is developed by professionals specialized in the field.<\/li><li>Differentiated Consulting or Coaching service since the activity carried out is purely executive.<\/li><\/ul>\t\t\t\t\t\t\t\t<\/div>\n\t\t\t\t<\/div>\n\t\t\t\t\t<\/div>\n\t\t<\/div>\n\t\t\t\t<div class=\"elementor-column elementor-col-50 elementor-top-column elementor-element elementor-element-ea67e98\" data-id=\"ea67e98\" data-element_type=\"column\" data-e-type=\"column\" data-settings=\"{&quot;background_background&quot;:&quot;classic&quot;}\">\n\t\t\t<div class=\"elementor-widget-wrap elementor-element-populated\">\n\t\t\t\t\t\t<div class=\"elementor-element elementor-element-a416648 elementor-widget elementor-widget-text-editor\" data-id=\"a416648\" data-element_type=\"widget\" data-e-type=\"widget\" data-widget_type=\"text-editor.default\">\n\t\t\t\t<div class=\"elementor-widget-container\">\n\t\t\t\t\t\t\t\t\t<h4 style=\"text-align: center;\"><span style=\"color: #ffffff;\">INTERIM MANAGEMENT, IS A VERY WIDESPREAD TYPE OF MANAGEMENT IN CERTAIN BUSINESS AREAS, ALTHOUGH COMMERCIAL AND MARKETING AREAS ARE NOT YET SO MUCH IN OUR ENVIRONMENT.<\/span><\/h4>\t\t\t\t\t\t\t\t<\/div>\n\t\t\t\t<\/div>\n\t\t\t\t\t<\/div>\n\t\t<\/div>\n\t\t\t\t\t<\/div>\n\t\t<\/section>\n\t\t\t\t<section class=\"elementor-section elementor-top-section elementor-element elementor-element-cc5f87b elementor-section-boxed elementor-section-height-default elementor-section-height-default\" data-id=\"cc5f87b\" data-element_type=\"section\" data-e-type=\"section\" data-settings=\"{&quot;background_background&quot;:&quot;classic&quot;}\">\n\t\t\t\t\t\t<div class=\"elementor-container elementor-column-gap-default\">\n\t\t\t\t\t<div class=\"elementor-column elementor-col-100 elementor-top-column elementor-element elementor-element-8d54572\" data-id=\"8d54572\" data-element_type=\"column\" data-e-type=\"column\">\n\t\t\t<div class=\"elementor-widget-wrap elementor-element-populated\">\n\t\t\t\t\t\t<div class=\"elementor-element elementor-element-aed5009 elementor-widget elementor-widget-toggle\" data-id=\"aed5009\" data-element_type=\"widget\" data-e-type=\"widget\" data-widget_type=\"toggle.default\">\n\t\t\t\t<div class=\"elementor-widget-container\">\n\t\t\t\t\t\t\t<div class=\"elementor-toggle\">\n\t\t\t\t\t\t\t<div class=\"elementor-toggle-item\">\n\t\t\t\t\t<div id=\"elementor-tab-title-1831\" class=\"elementor-tab-title\" data-tab=\"1\" role=\"button\" aria-controls=\"elementor-tab-content-1831\" aria-expanded=\"false\">\n\t\t\t\t\t\t\t\t\t\t\t\t<span class=\"elementor-toggle-icon elementor-toggle-icon-left\" aria-hidden=\"true\">\n\t\t\t\t\t\t\t\t\t\t\t\t\t\t\t<span class=\"elementor-toggle-icon-closed\"><i class=\"fas fa-caret-right\"><\/i><\/span>\n\t\t\t\t\t\t\t\t<span class=\"elementor-toggle-icon-opened\"><i class=\"elementor-toggle-icon-opened fas fa-caret-up\"><\/i><\/span>\n\t\t\t\t\t\t\t\t\t\t\t\t\t<\/span>\n\t\t\t\t\t\t\t\t\t\t\t\t<a class=\"elementor-toggle-title\" tabindex=\"0\">ADVANTAGES OF INTERIM MANAGEMENT<\/a>\n\t\t\t\t\t<\/div>\n\n\t\t\t\t\t<div id=\"elementor-tab-content-1831\" class=\"elementor-tab-content elementor-clearfix\" data-tab=\"1\" role=\"region\" aria-labelledby=\"elementor-tab-title-1831\"><ol><li>It allows to address activities that cannot be carried out by the current team of the company<\/li><li>It incorporates highly qualified professionals with new points of view and extensive experience in the sector<\/li><li>The development of the Action Plan begins in a very short time<\/li><li>The normal work operations of the company remain unchanged<\/li><li>Does not require assignment of physical workstations in the company or computer equipment<\/li><li>The fees are framed in a commercial contract without employment ties with the incorporated professionals.<\/li><li>The service adapts at all times to the degree of activity required in the project, both in intensity and duration<\/li><li>The costs of the service are known and controlled from the beginning of the Action Plan<\/li><li>Use of a fully proven CUSTOMER ACQUISITION work methodology (JL5 International Management)<\/li><li>Business dialogue in English, French and German (JL5 International Management)<\/li><\/ol><\/div>\n\t\t\t\t<\/div>\n\t\t\t\t\t\t\t<div class=\"elementor-toggle-item\">\n\t\t\t\t\t<div id=\"elementor-tab-title-1832\" class=\"elementor-tab-title\" data-tab=\"2\" role=\"button\" aria-controls=\"elementor-tab-content-1832\" aria-expanded=\"false\">\n\t\t\t\t\t\t\t\t\t\t\t\t<span class=\"elementor-toggle-icon elementor-toggle-icon-left\" aria-hidden=\"true\">\n\t\t\t\t\t\t\t\t\t\t\t\t\t\t\t<span class=\"elementor-toggle-icon-closed\"><i class=\"fas fa-caret-right\"><\/i><\/span>\n\t\t\t\t\t\t\t\t<span class=\"elementor-toggle-icon-opened\"><i class=\"elementor-toggle-icon-opened fas fa-caret-up\"><\/i><\/span>\n\t\t\t\t\t\t\t\t\t\t\t\t\t<\/span>\n\t\t\t\t\t\t\t\t\t\t\t\t<a class=\"elementor-toggle-title\" tabindex=\"0\">INTERIM MANAGEMENT IN THE COMMERCIAL AND MARKETING AREA<\/a>\n\t\t\t\t\t<\/div>\n\n\t\t\t\t\t<div id=\"elementor-tab-content-1832\" class=\"elementor-tab-content elementor-clearfix\" data-tab=\"2\" role=\"region\" aria-labelledby=\"elementor-tab-title-1832\"><ol><li>Location of Potential Clients in a specific market or segment<\/li><li>Establishment of Distribution Networks<\/li><li>Recruitment of Commercial Agents<\/li><li>Approach to new Potential Clients<\/li><li>Presentations of Company \/ Product before new or current clients<\/li><li>Board representation of the company in specific forums<\/li><li>Commercial management (Consultation \u2013 Offer \u2013 Negotiation \u2013 Order)<\/li><\/ol><\/div>\n\t\t\t\t<\/div>\n\t\t\t\t\t\t\t<div class=\"elementor-toggle-item\">\n\t\t\t\t\t<div id=\"elementor-tab-title-1833\" class=\"elementor-tab-title\" data-tab=\"3\" role=\"button\" aria-controls=\"elementor-tab-content-1833\" aria-expanded=\"false\">\n\t\t\t\t\t\t\t\t\t\t\t\t<span class=\"elementor-toggle-icon elementor-toggle-icon-left\" aria-hidden=\"true\">\n\t\t\t\t\t\t\t\t\t\t\t\t\t\t\t<span class=\"elementor-toggle-icon-closed\"><i class=\"fas fa-caret-right\"><\/i><\/span>\n\t\t\t\t\t\t\t\t<span class=\"elementor-toggle-icon-opened\"><i class=\"elementor-toggle-icon-opened fas fa-caret-up\"><\/i><\/span>\n\t\t\t\t\t\t\t\t\t\t\t\t\t<\/span>\n\t\t\t\t\t\t\t\t\t\t\t\t<a class=\"elementor-toggle-title\" tabindex=\"0\">INTERIM MANAGEMENT BENEFITS OFFERED BY JL5 INTERNATIONAL MANAGEMENT<\/a>\n\t\t\t\t\t<\/div>\n\n\t\t\t\t\t<div id=\"elementor-tab-content-1833\" class=\"elementor-tab-content elementor-clearfix\" data-tab=\"3\" role=\"region\" aria-labelledby=\"elementor-tab-title-1833\"><p>The benefit offered by the cooperation of JL5 International Management in industrial SMEs is the ATTRACTMENT OF NEW CUSTOMERS. For this, it is necessary to develop certain tools and use certain information processing and management processes, such as:<\/p><ol><li>Establishment of Maps of Potential Clients classified according to INTEREST that it represents for the client<\/li><li>Obtaining contact data of Potential Clients and detection of internal prescribers<\/li><li>Customer maintenance through commercial organization actions<\/li><li>Organizational improvements in the process: Consultation \/ Offer \/ Negotiation \/ Order \/ Fulfillment<\/li><\/ol><\/div>\n\t\t\t\t<\/div>\n\t\t\t\t\t\t\t\t<\/div>\n\t\t\t\t\t\t<\/div>\n\t\t\t\t<\/div>\n\t\t\t\t\t<\/div>\n\t\t<\/div>\n\t\t\t\t\t<\/div>\n\t\t<\/section>\n\t\t\t\t<\/div>","protected":false},"excerpt":{"rendered":"<p>Gesti\u00f3n Interina \u00bfQU\u00c9 ES LA GESTI\u00d3N\u00a0 INTERINA ? Es un servicio de Direcci\u00f3n Ejecutiva. Se realiza a trav\u00e9s de una intervenci\u00f3n Temporal. Est\u00e1 enfocado al tratamiento de actividades concretas. Se desarrolla por profesionales especialistas en la materia. Servicio diferenciado de Consultor\u00eda o Coaching ya que la actividad desarrollada es netamente ejecutiva. LA GESTI\u00d3N INTERINA, TAMBI\u00c9N [&hellip;]<\/p>\n","protected":false},"author":1,"featured_media":0,"parent":0,"menu_order":0,"comment_status":"closed","ping_status":"closed","template":"","meta":{"_coblocks_attr":"","_coblocks_dimensions":"","_coblocks_responsive_height":"","_coblocks_accordion_ie_support":"","site-sidebar-layout":"left-sidebar","site-content-layout":"plain-container","ast-site-content-layout":"default","site-content-style":"default","site-sidebar-style":"default","ast-global-header-display":"","ast-banner-title-visibility":"","ast-main-header-display":"","ast-hfb-above-header-display":"","ast-hfb-below-header-display":"","ast-hfb-mobile-header-display":"","site-post-title":"disabled","ast-breadcrumbs-content":"","ast-featured-img":"disabled","footer-sml-layout":"","ast-disable-related-posts":"","theme-transparent-header-meta":"","adv-header-id-meta":"","stick-header-meta":"","header-above-stick-meta":"","header-main-stick-meta":"","header-below-stick-meta":"","astra-migrate-meta-layouts":"default","ast-page-background-enabled":"default","ast-page-background-meta":{"desktop":{"background-color":"","background-image":"","background-repeat":"repeat","background-position":"center center","background-size":"auto","background-attachment":"scroll","background-type":"","background-media":"","overlay-type":"","overlay-color":"","overlay-opacity":"","overlay-gradient":""},"tablet":{"background-color":"","background-image":"","background-repeat":"repeat","background-position":"center center","background-size":"auto","background-attachment":"scroll","background-type":"","background-media":"","overlay-type":"","overlay-color":"","overlay-opacity":"","overlay-gradient":""},"mobile":{"background-color":"","background-image":"","background-repeat":"repeat","background-position":"center center","background-size":"auto","background-attachment":"scroll","background-type":"","background-media":"","overlay-type":"","overlay-color":"","overlay-opacity":"","overlay-gradient":""}},"ast-content-background-meta":{"desktop":{"background-color":"var(--ast-global-color-5)","background-image":"","background-repeat":"repeat","background-position":"center center","background-size":"auto","background-attachment":"scroll","background-type":"","background-media":"","overlay-type":"","overlay-color":"","overlay-opacity":"","overlay-gradient":""},"tablet":{"background-color":"var(--ast-global-color-5)","background-image":"","background-repeat":"repeat","background-position":"center center","background-size":"auto","background-attachment":"scroll","background-type":"","background-media":"","overlay-type":"","overlay-color":"","overlay-opacity":"","overlay-gradient":""},"mobile":{"background-color":"var(--ast-global-color-5)","background-image":"","background-repeat":"repeat","background-position":"center center","background-size":"auto","background-attachment":"scroll","background-type":"","background-media":"","overlay-type":"","overlay-color":"","overlay-opacity":"","overlay-gradient":""}},"footnotes":""},"class_list":["post-563","page","type-page","status-publish","hentry"],"yoast_head":"<!-- This site is optimized with the Yoast SEO plugin v27.3 - https:\/\/yoast.com\/product\/yoast-seo-wordpress\/ -->\n<title>Gesti\u00f3n Interina | Comtrade \u2013 JL5 Gesti\u00f3n Internacional *<\/title>\n<meta name=\"description\" content=\"La Gesti\u00f3n Interina es un servicio de Direcci\u00f3n Ejecutiva. Se realiza a trav\u00e9s de una intervenci\u00f3n Temporal, est\u00e1 enfocado al tratamiento de actividades concretas y se desarrolla por profesionales especialistas en la materia.\" \/>\n<meta name=\"robots\" content=\"index, follow, max-snippet:-1, max-image-preview:large, max-video-preview:-1\" \/>\n<link rel=\"canonical\" href=\"http:\/\/comtrade.es\/en\/gestion-interina\/\" \/>\n<meta property=\"og:locale\" content=\"en_GB\" \/>\n<meta property=\"og:type\" content=\"article\" \/>\n<meta property=\"og:title\" content=\"Gesti\u00f3n Interina | Comtrade \u2013 JL5 Gesti\u00f3n Internacional *\" \/>\n<meta property=\"og:description\" content=\"La Gesti\u00f3n Interina es un servicio de Direcci\u00f3n Ejecutiva. Se realiza a trav\u00e9s de una intervenci\u00f3n Temporal, est\u00e1 enfocado al tratamiento de actividades concretas y se desarrolla por profesionales especialistas en la materia.\" \/>\n<meta property=\"og:url\" content=\"http:\/\/comtrade.es\/en\/gestion-interina\/\" \/>\n<meta property=\"article:modified_time\" content=\"2022-02-15T19:25:08+00:00\" \/>\n<meta name=\"twitter:card\" content=\"summary_large_image\" \/>\n<meta name=\"twitter:label1\" content=\"Estimated reading time\" \/>\n\t<meta name=\"twitter:data1\" content=\"2 minutes\" \/>\n<script type=\"application\/ld+json\" class=\"yoast-schema-graph\">{\"@context\":\"https:\\\/\\\/schema.org\",\"@graph\":[{\"@type\":\"WebPage\",\"@id\":\"http:\\\/\\\/comtrade.es\\\/en\\\/gestion-interina\\\/\",\"url\":\"http:\\\/\\\/comtrade.es\\\/en\\\/gestion-interina\\\/\",\"name\":\"Gesti\u00f3n Interina | Comtrade \u2013 JL5 Gesti\u00f3n Internacional *\",\"isPartOf\":{\"@id\":\"https:\\\/\\\/comtrade.es\\\/es\\\/#website\"},\"datePublished\":\"2022-02-07T13:10:17+00:00\",\"dateModified\":\"2022-02-15T19:25:08+00:00\",\"description\":\"La Gesti\u00f3n Interina es un servicio de Direcci\u00f3n Ejecutiva. Se realiza a trav\u00e9s de una intervenci\u00f3n Temporal, est\u00e1 enfocado al tratamiento de actividades concretas y se desarrolla por profesionales especialistas en la materia.\",\"breadcrumb\":{\"@id\":\"http:\\\/\\\/comtrade.es\\\/en\\\/gestion-interina\\\/#breadcrumb\"},\"inLanguage\":\"en-GB\",\"potentialAction\":[{\"@type\":\"ReadAction\",\"target\":[\"http:\\\/\\\/comtrade.es\\\/en\\\/gestion-interina\\\/\"]}]},{\"@type\":\"BreadcrumbList\",\"@id\":\"http:\\\/\\\/comtrade.es\\\/en\\\/gestion-interina\\\/#breadcrumb\",\"itemListElement\":[{\"@type\":\"ListItem\",\"position\":1,\"name\":\"Portada\",\"item\":\"https:\\\/\\\/comtrade.es\\\/en\\\/\"},{\"@type\":\"ListItem\",\"position\":2,\"name\":\"Gesti\u00f3n Interina | Comtrade \u2013 JL5 Gesti\u00f3n Internacional\"}]},{\"@type\":\"WebSite\",\"@id\":\"https:\\\/\\\/comtrade.es\\\/es\\\/#website\",\"url\":\"https:\\\/\\\/comtrade.es\\\/es\\\/\",\"name\":\"\",\"description\":\"\",\"publisher\":{\"@id\":\"https:\\\/\\\/comtrade.es\\\/es\\\/#organization\"},\"potentialAction\":[{\"@type\":\"SearchAction\",\"target\":{\"@type\":\"EntryPoint\",\"urlTemplate\":\"https:\\\/\\\/comtrade.es\\\/es\\\/?s={search_term_string}\"},\"query-input\":{\"@type\":\"PropertyValueSpecification\",\"valueRequired\":true,\"valueName\":\"search_term_string\"}}],\"inLanguage\":\"en-GB\"},{\"@type\":\"Organization\",\"@id\":\"https:\\\/\\\/comtrade.es\\\/es\\\/#organization\",\"name\":\"JL5\",\"url\":\"https:\\\/\\\/comtrade.es\\\/es\\\/\",\"logo\":{\"@type\":\"ImageObject\",\"inLanguage\":\"en-GB\",\"@id\":\"https:\\\/\\\/comtrade.es\\\/es\\\/#\\\/schema\\\/logo\\\/image\\\/\",\"url\":\"http:\\\/\\\/comtrade.es\\\/wp-content\\\/uploads\\\/2022\\\/02\\\/LogotipoJL5GESTION_webCambiadoColor-1.jpg\",\"contentUrl\":\"http:\\\/\\\/comtrade.es\\\/wp-content\\\/uploads\\\/2022\\\/02\\\/LogotipoJL5GESTION_webCambiadoColor-1.jpg\",\"width\":150,\"height\":113,\"caption\":\"JL5\"},\"image\":{\"@id\":\"https:\\\/\\\/comtrade.es\\\/es\\\/#\\\/schema\\\/logo\\\/image\\\/\"}}]}<\/script>\n<!-- \/ Yoast SEO plugin. -->","yoast_head_json":{"title":"Gesti\u00f3n Interina | Comtrade \u2013 JL5 Gesti\u00f3n Internacional *","description":"La Gesti\u00f3n Interina es un servicio de Direcci\u00f3n Ejecutiva. Se realiza a trav\u00e9s de una intervenci\u00f3n Temporal, est\u00e1 enfocado al tratamiento de actividades concretas y se desarrolla por profesionales especialistas en la materia.","robots":{"index":"index","follow":"follow","max-snippet":"max-snippet:-1","max-image-preview":"max-image-preview:large","max-video-preview":"max-video-preview:-1"},"canonical":"http:\/\/comtrade.es\/en\/gestion-interina\/","og_locale":"en_GB","og_type":"article","og_title":"Gesti\u00f3n Interina | Comtrade \u2013 JL5 Gesti\u00f3n Internacional *","og_description":"La Gesti\u00f3n Interina es un servicio de Direcci\u00f3n Ejecutiva. Se realiza a trav\u00e9s de una intervenci\u00f3n Temporal, est\u00e1 enfocado al tratamiento de actividades concretas y se desarrolla por profesionales especialistas en la materia.","og_url":"http:\/\/comtrade.es\/en\/gestion-interina\/","article_modified_time":"2022-02-15T19:25:08+00:00","twitter_card":"summary_large_image","twitter_misc":{"Estimated reading time":"2 minutes"},"schema":{"@context":"https:\/\/schema.org","@graph":[{"@type":"WebPage","@id":"http:\/\/comtrade.es\/en\/gestion-interina\/","url":"http:\/\/comtrade.es\/en\/gestion-interina\/","name":"Gesti\u00f3n Interina | Comtrade \u2013 JL5 Gesti\u00f3n Internacional *","isPartOf":{"@id":"https:\/\/comtrade.es\/es\/#website"},"datePublished":"2022-02-07T13:10:17+00:00","dateModified":"2022-02-15T19:25:08+00:00","description":"La Gesti\u00f3n Interina es un servicio de Direcci\u00f3n Ejecutiva. Se realiza a trav\u00e9s de una intervenci\u00f3n Temporal, est\u00e1 enfocado al tratamiento de actividades concretas y se desarrolla por profesionales especialistas en la materia.","breadcrumb":{"@id":"http:\/\/comtrade.es\/en\/gestion-interina\/#breadcrumb"},"inLanguage":"en-GB","potentialAction":[{"@type":"ReadAction","target":["http:\/\/comtrade.es\/en\/gestion-interina\/"]}]},{"@type":"BreadcrumbList","@id":"http:\/\/comtrade.es\/en\/gestion-interina\/#breadcrumb","itemListElement":[{"@type":"ListItem","position":1,"name":"Portada","item":"https:\/\/comtrade.es\/en\/"},{"@type":"ListItem","position":2,"name":"Gesti\u00f3n Interina | Comtrade \u2013 JL5 Gesti\u00f3n Internacional"}]},{"@type":"WebSite","@id":"https:\/\/comtrade.es\/es\/#website","url":"https:\/\/comtrade.es\/es\/","name":"","description":"","publisher":{"@id":"https:\/\/comtrade.es\/es\/#organization"},"potentialAction":[{"@type":"SearchAction","target":{"@type":"EntryPoint","urlTemplate":"https:\/\/comtrade.es\/es\/?s={search_term_string}"},"query-input":{"@type":"PropertyValueSpecification","valueRequired":true,"valueName":"search_term_string"}}],"inLanguage":"en-GB"},{"@type":"Organization","@id":"https:\/\/comtrade.es\/es\/#organization","name":"JL5","url":"https:\/\/comtrade.es\/es\/","logo":{"@type":"ImageObject","inLanguage":"en-GB","@id":"https:\/\/comtrade.es\/es\/#\/schema\/logo\/image\/","url":"http:\/\/comtrade.es\/wp-content\/uploads\/2022\/02\/LogotipoJL5GESTION_webCambiadoColor-1.jpg","contentUrl":"http:\/\/comtrade.es\/wp-content\/uploads\/2022\/02\/LogotipoJL5GESTION_webCambiadoColor-1.jpg","width":150,"height":113,"caption":"JL5"},"image":{"@id":"https:\/\/comtrade.es\/es\/#\/schema\/logo\/image\/"}}]}},"_links":{"self":[{"href":"https:\/\/comtrade.es\/en\/wp-json\/wp\/v2\/pages\/563","targetHints":{"allow":["GET"]}}],"collection":[{"href":"https:\/\/comtrade.es\/en\/wp-json\/wp\/v2\/pages"}],"about":[{"href":"https:\/\/comtrade.es\/en\/wp-json\/wp\/v2\/types\/page"}],"author":[{"embeddable":true,"href":"https:\/\/comtrade.es\/en\/wp-json\/wp\/v2\/users\/1"}],"replies":[{"embeddable":true,"href":"https:\/\/comtrade.es\/en\/wp-json\/wp\/v2\/comments?post=563"}],"version-history":[{"count":0,"href":"https:\/\/comtrade.es\/en\/wp-json\/wp\/v2\/pages\/563\/revisions"}],"wp:attachment":[{"href":"https:\/\/comtrade.es\/en\/wp-json\/wp\/v2\/media?parent=563"}],"curies":[{"name":"wp","href":"https:\/\/api.w.org\/{rel}","templated":true}]}}