{"id":561,"date":"2022-02-07T13:09:26","date_gmt":"2022-02-07T13:09:26","guid":{"rendered":"http:\/\/v2h.2a7.mywebsitetransfer.com\/?page_id=561"},"modified":"2022-02-15T19:23:33","modified_gmt":"2022-02-15T19:23:33","slug":"mision-empresarial","status":"publish","type":"page","link":"https:\/\/comtrade.es\/en\/mision-empresarial\/","title":{"rendered":"Misi\u00f3n Empresarial | Comtrade \u2013 JL5 Gesti\u00f3n Internacional\u00a0"},"content":{"rendered":"<div data-elementor-type=\"wp-page\" data-elementor-id=\"561\" class=\"elementor elementor-561\">\n\t\t\t\t\t\t<section class=\"elementor-section elementor-top-section elementor-element elementor-element-895151c elementor-section-content-middle elementor-section-boxed elementor-section-height-default elementor-section-height-default\" data-id=\"895151c\" data-element_type=\"section\" data-e-type=\"section\" data-settings=\"{&quot;background_background&quot;:&quot;classic&quot;}\">\n\t\t\t\t\t\t<div class=\"elementor-container elementor-column-gap-no\">\n\t\t\t\t\t<div class=\"elementor-column elementor-col-100 elementor-top-column elementor-element elementor-element-631cfd51\" data-id=\"631cfd51\" data-element_type=\"column\" data-e-type=\"column\">\n\t\t\t<div class=\"elementor-widget-wrap elementor-element-populated\">\n\t\t\t\t\t\t<div class=\"elementor-element elementor-element-38b7cbe1 elementor-widget-mobile__width-inherit elementor-widget elementor-widget-heading\" data-id=\"38b7cbe1\" data-element_type=\"widget\" data-e-type=\"widget\" data-widget_type=\"heading.default\">\n\t\t\t\t<div class=\"elementor-widget-container\">\n\t\t\t\t\t<h1 class=\"elementor-heading-title elementor-size-default\">Business Mission<\/h1>\t\t\t\t<\/div>\n\t\t\t\t<\/div>\n\t\t\t\t\t<\/div>\n\t\t<\/div>\n\t\t\t\t\t<\/div>\n\t\t<\/section>\n\t\t\t\t<section class=\"elementor-section elementor-top-section elementor-element elementor-element-70e38a2 elementor-section-boxed elementor-section-height-default elementor-section-height-default\" data-id=\"70e38a2\" data-element_type=\"section\" data-e-type=\"section\">\n\t\t\t\t\t\t<div class=\"elementor-container elementor-column-gap-default\">\n\t\t\t\t\t<div class=\"elementor-column elementor-col-50 elementor-top-column elementor-element elementor-element-6d1a102\" data-id=\"6d1a102\" data-element_type=\"column\" data-e-type=\"column\" data-settings=\"{&quot;background_background&quot;:&quot;classic&quot;}\">\n\t\t\t<div class=\"elementor-widget-wrap elementor-element-populated\">\n\t\t\t\t\t\t<div class=\"elementor-element elementor-element-36c1466 elementor-widget elementor-widget-text-editor\" data-id=\"36c1466\" data-element_type=\"widget\" data-e-type=\"widget\" data-widget_type=\"text-editor.default\">\n\t\t\t\t<div class=\"elementor-widget-container\">\n\t\t\t\t\t\t\t\t\t<p>The principle of economic profitability in the hiring of \"staff\" personnel in SMEs inevitably causes a heavy workload among their managers. This situation makes it difficult to analyze actions in specific areas, limiting the ability to tackle new business projects.<\/p><p>On other occasions, this same principle of profitability causes a lack in the company's \"staff\" of specialists in specific areas, blocking the start of new activities.<\/p><p>Solving these deficiencies, within the framework of the General Principle of Marketing for Industrial Products, in collaboration with the Management of our clients, is the raison d'\u00eatre and MISSION of JL5 International Management\u2026.<\/p>\t\t\t\t\t\t\t\t<\/div>\n\t\t\t\t<\/div>\n\t\t\t\t\t<\/div>\n\t\t<\/div>\n\t\t\t\t<div class=\"elementor-column elementor-col-50 elementor-top-column elementor-element elementor-element-0ac0522\" data-id=\"0ac0522\" data-element_type=\"column\" data-e-type=\"column\" data-settings=\"{&quot;background_background&quot;:&quot;classic&quot;}\">\n\t\t\t<div class=\"elementor-widget-wrap elementor-element-populated\">\n\t\t\t\t\t\t<div class=\"elementor-element elementor-element-c22f4be elementor-widget elementor-widget-image\" data-id=\"c22f4be\" data-element_type=\"widget\" data-e-type=\"widget\" data-widget_type=\"image.default\">\n\t\t\t\t<div class=\"elementor-widget-container\">\n\t\t\t\t\t\t\t\t\t\t\t\t\t\t\t<img fetchpriority=\"high\" decoding=\"async\" width=\"419\" height=\"580\" src=\"https:\/\/comtrade.es\/wp-content\/uploads\/2022\/02\/JL5-Telco.jpg\" class=\"attachment-large size-large wp-image-1333\" alt=\"\" srcset=\"https:\/\/comtrade.es\/wp-content\/uploads\/2022\/02\/JL5-Telco.jpg 419w, https:\/\/comtrade.es\/wp-content\/uploads\/2022\/02\/JL5-Telco-217x300.jpg 217w, https:\/\/comtrade.es\/wp-content\/uploads\/2022\/02\/JL5-Telco-9x12.jpg 9w\" sizes=\"(max-width: 419px) 100vw, 419px\" \/>\t\t\t\t\t\t\t\t\t\t\t\t\t\t\t<\/div>\n\t\t\t\t<\/div>\n\t\t\t\t\t<\/div>\n\t\t<\/div>\n\t\t\t\t\t<\/div>\n\t\t<\/section>\n\t\t\t\t<\/div>","protected":false},"excerpt":{"rendered":"<p>Misi\u00f3n Empresarial El principio de rentabilidad econ\u00f3mica en la contrataci\u00f3n de personal de \u00abplantilla\u00bb en las PYMEs origina inevitablemente una fuerte carga de trabajo entre sus directivos. Esta situaci\u00f3n dificulta el an\u00e1lisis de acciones en \u00e1reas concretas limitando la capacidad para abordar nuevos proyectos empresariales. En otras ocasiones, ese mismo principio de rentabilidad origina la [&hellip;]<\/p>\n","protected":false},"author":1,"featured_media":0,"parent":0,"menu_order":0,"comment_status":"closed","ping_status":"closed","template":"","meta":{"_coblocks_attr":"","_coblocks_dimensions":"","_coblocks_responsive_height":"","_coblocks_accordion_ie_support":"","site-sidebar-layout":"left-sidebar","site-content-layout":"plain-container","ast-site-content-layout":"default","site-content-style":"default","site-sidebar-style":"default","ast-global-header-display":"","ast-banner-title-visibility":"","ast-main-header-display":"","ast-hfb-above-header-display":"","ast-hfb-below-header-display":"","ast-hfb-mobile-header-display":"","site-post-title":"disabled","ast-breadcrumbs-content":"","ast-featured-img":"disabled","footer-sml-layout":"","ast-disable-related-posts":"","theme-transparent-header-meta":"","adv-header-id-meta":"","stick-header-meta":"","header-above-stick-meta":"","header-main-stick-meta":"","header-below-stick-meta":"","astra-migrate-meta-layouts":"default","ast-page-background-enabled":"default","ast-page-background-meta":{"desktop":{"background-color":"","background-image":"","background-repeat":"repeat","background-position":"center center","background-size":"auto","background-attachment":"scroll","background-type":"","background-media":"","overlay-type":"","overlay-color":"","overlay-opacity":"","overlay-gradient":""},"tablet":{"background-color":"","background-image":"","background-repeat":"repeat","background-position":"center center","background-size":"auto","background-attachment":"scroll","background-type":"","background-media":"","overlay-type":"","overlay-color":"","overlay-opacity":"","overlay-gradient":""},"mobile":{"background-color":"","background-image":"","background-repeat":"repeat","background-position":"center center","background-size":"auto","background-attachment":"scroll","background-type":"","background-media":"","overlay-type":"","overlay-color":"","overlay-opacity":"","overlay-gradient":""}},"ast-content-background-meta":{"desktop":{"background-color":"var(--ast-global-color-5)","background-image":"","background-repeat":"repeat","background-position":"center center","background-size":"auto","background-attachment":"scroll","background-type":"","background-media":"","overlay-type":"","overlay-color":"","overlay-opacity":"","overlay-gradient":""},"tablet":{"background-color":"var(--ast-global-color-5)","background-image":"","background-repeat":"repeat","background-position":"center center","background-size":"auto","background-attachment":"scroll","background-type":"","background-media":"","overlay-type":"","overlay-color":"","overlay-opacity":"","overlay-gradient":""},"mobile":{"background-color":"var(--ast-global-color-5)","background-image":"","background-repeat":"repeat","background-position":"center center","background-size":"auto","background-attachment":"scroll","background-type":"","background-media":"","overlay-type":"","overlay-color":"","overlay-opacity":"","overlay-gradient":""}},"footnotes":""},"class_list":["post-561","page","type-page","status-publish","hentry"],"yoast_head":"<!-- This site is optimized with the Yoast SEO plugin v27.3 - https:\/\/yoast.com\/product\/yoast-seo-wordpress\/ -->\n<title>Misi\u00f3n Empresarial | Comtrade \u2013 JL5 Gesti\u00f3n Internacional\u00a0 *<\/title>\n<meta name=\"description\" content=\"El principio de rentabilidad econ\u00f3mica en la contrataci\u00f3n de personal de \u00abplantilla\u00bb en las PYMEs origina inevitablemente una fuerte carga de trabajo entre sus directivos.\" \/>\n<meta name=\"robots\" content=\"index, follow, max-snippet:-1, max-image-preview:large, max-video-preview:-1\" \/>\n<link rel=\"canonical\" href=\"https:\/\/comtrade.es\/en\/mision-empresarial\/\" \/>\n<meta property=\"og:locale\" content=\"en_GB\" \/>\n<meta property=\"og:type\" content=\"article\" \/>\n<meta property=\"og:title\" content=\"Misi\u00f3n Empresarial | Comtrade \u2013 JL5 Gesti\u00f3n Internacional\u00a0 *\" \/>\n<meta property=\"og:description\" content=\"El principio de rentabilidad econ\u00f3mica en la contrataci\u00f3n de personal de \u00abplantilla\u00bb en las PYMEs origina inevitablemente una fuerte carga de trabajo entre sus directivos.\" \/>\n<meta property=\"og:url\" content=\"https:\/\/comtrade.es\/en\/mision-empresarial\/\" \/>\n<meta property=\"article:modified_time\" content=\"2022-02-15T19:23:33+00:00\" \/>\n<meta property=\"og:image\" content=\"http:\/\/comtrade.es\/wp-content\/uploads\/2022\/02\/JL5-Telco.jpg\" \/>\n<meta name=\"twitter:card\" content=\"summary_large_image\" \/>\n<meta name=\"twitter:label1\" content=\"Estimated reading time\" \/>\n\t<meta name=\"twitter:data1\" content=\"1 minute\" \/>\n<script type=\"application\/ld+json\" class=\"yoast-schema-graph\">{\"@context\":\"https:\\\/\\\/schema.org\",\"@graph\":[{\"@type\":\"WebPage\",\"@id\":\"https:\\\/\\\/comtrade.es\\\/en\\\/mision-empresarial\\\/\",\"url\":\"https:\\\/\\\/comtrade.es\\\/en\\\/mision-empresarial\\\/\",\"name\":\"Misi\u00f3n Empresarial | Comtrade \u2013 JL5 Gesti\u00f3n Internacional\u00a0 *\",\"isPartOf\":{\"@id\":\"https:\\\/\\\/comtrade.es\\\/es\\\/#website\"},\"primaryImageOfPage\":{\"@id\":\"https:\\\/\\\/comtrade.es\\\/en\\\/mision-empresarial\\\/#primaryimage\"},\"image\":{\"@id\":\"https:\\\/\\\/comtrade.es\\\/en\\\/mision-empresarial\\\/#primaryimage\"},\"thumbnailUrl\":\"http:\\\/\\\/comtrade.es\\\/wp-content\\\/uploads\\\/2022\\\/02\\\/JL5-Telco.jpg\",\"datePublished\":\"2022-02-07T13:09:26+00:00\",\"dateModified\":\"2022-02-15T19:23:33+00:00\",\"description\":\"El principio de rentabilidad econ\u00f3mica en la contrataci\u00f3n de personal de \u00abplantilla\u00bb en las PYMEs origina inevitablemente una fuerte carga de trabajo entre sus directivos.\",\"breadcrumb\":{\"@id\":\"https:\\\/\\\/comtrade.es\\\/en\\\/mision-empresarial\\\/#breadcrumb\"},\"inLanguage\":\"en-GB\",\"potentialAction\":[{\"@type\":\"ReadAction\",\"target\":[\"https:\\\/\\\/comtrade.es\\\/en\\\/mision-empresarial\\\/\"]}]},{\"@type\":\"ImageObject\",\"inLanguage\":\"en-GB\",\"@id\":\"https:\\\/\\\/comtrade.es\\\/en\\\/mision-empresarial\\\/#primaryimage\",\"url\":\"http:\\\/\\\/comtrade.es\\\/wp-content\\\/uploads\\\/2022\\\/02\\\/JL5-Telco.jpg\",\"contentUrl\":\"http:\\\/\\\/comtrade.es\\\/wp-content\\\/uploads\\\/2022\\\/02\\\/JL5-Telco.jpg\"},{\"@type\":\"BreadcrumbList\",\"@id\":\"https:\\\/\\\/comtrade.es\\\/en\\\/mision-empresarial\\\/#breadcrumb\",\"itemListElement\":[{\"@type\":\"ListItem\",\"position\":1,\"name\":\"Portada\",\"item\":\"https:\\\/\\\/comtrade.es\\\/en\\\/\"},{\"@type\":\"ListItem\",\"position\":2,\"name\":\"Misi\u00f3n Empresarial | Comtrade \u2013 JL5 Gesti\u00f3n Internacional\u00a0\"}]},{\"@type\":\"WebSite\",\"@id\":\"https:\\\/\\\/comtrade.es\\\/es\\\/#website\",\"url\":\"https:\\\/\\\/comtrade.es\\\/es\\\/\",\"name\":\"\",\"description\":\"\",\"publisher\":{\"@id\":\"https:\\\/\\\/comtrade.es\\\/es\\\/#organization\"},\"potentialAction\":[{\"@type\":\"SearchAction\",\"target\":{\"@type\":\"EntryPoint\",\"urlTemplate\":\"https:\\\/\\\/comtrade.es\\\/es\\\/?s={search_term_string}\"},\"query-input\":{\"@type\":\"PropertyValueSpecification\",\"valueRequired\":true,\"valueName\":\"search_term_string\"}}],\"inLanguage\":\"en-GB\"},{\"@type\":\"Organization\",\"@id\":\"https:\\\/\\\/comtrade.es\\\/es\\\/#organization\",\"name\":\"JL5\",\"url\":\"https:\\\/\\\/comtrade.es\\\/es\\\/\",\"logo\":{\"@type\":\"ImageObject\",\"inLanguage\":\"en-GB\",\"@id\":\"https:\\\/\\\/comtrade.es\\\/es\\\/#\\\/schema\\\/logo\\\/image\\\/\",\"url\":\"http:\\\/\\\/comtrade.es\\\/wp-content\\\/uploads\\\/2022\\\/02\\\/LogotipoJL5GESTION_webCambiadoColor-1.jpg\",\"contentUrl\":\"http:\\\/\\\/comtrade.es\\\/wp-content\\\/uploads\\\/2022\\\/02\\\/LogotipoJL5GESTION_webCambiadoColor-1.jpg\",\"width\":150,\"height\":113,\"caption\":\"JL5\"},\"image\":{\"@id\":\"https:\\\/\\\/comtrade.es\\\/es\\\/#\\\/schema\\\/logo\\\/image\\\/\"}}]}<\/script>\n<!-- \/ Yoast SEO plugin. -->","yoast_head_json":{"title":"Misi\u00f3n Empresarial | Comtrade \u2013 JL5 Gesti\u00f3n Internacional\u00a0 *","description":"El principio de rentabilidad econ\u00f3mica en la contrataci\u00f3n de personal de \u00abplantilla\u00bb en las PYMEs origina inevitablemente una fuerte carga de trabajo entre sus directivos.","robots":{"index":"index","follow":"follow","max-snippet":"max-snippet:-1","max-image-preview":"max-image-preview:large","max-video-preview":"max-video-preview:-1"},"canonical":"https:\/\/comtrade.es\/en\/mision-empresarial\/","og_locale":"en_GB","og_type":"article","og_title":"Misi\u00f3n Empresarial | Comtrade \u2013 JL5 Gesti\u00f3n Internacional\u00a0 *","og_description":"El principio de rentabilidad econ\u00f3mica en la contrataci\u00f3n de personal de \u00abplantilla\u00bb en las PYMEs origina inevitablemente una fuerte carga de trabajo entre sus directivos.","og_url":"https:\/\/comtrade.es\/en\/mision-empresarial\/","article_modified_time":"2022-02-15T19:23:33+00:00","og_image":[{"url":"http:\/\/comtrade.es\/wp-content\/uploads\/2022\/02\/JL5-Telco.jpg","type":"","width":"","height":""}],"twitter_card":"summary_large_image","twitter_misc":{"Estimated reading time":"1 minute"},"schema":{"@context":"https:\/\/schema.org","@graph":[{"@type":"WebPage","@id":"https:\/\/comtrade.es\/en\/mision-empresarial\/","url":"https:\/\/comtrade.es\/en\/mision-empresarial\/","name":"Misi\u00f3n Empresarial | Comtrade \u2013 JL5 Gesti\u00f3n Internacional\u00a0 *","isPartOf":{"@id":"https:\/\/comtrade.es\/es\/#website"},"primaryImageOfPage":{"@id":"https:\/\/comtrade.es\/en\/mision-empresarial\/#primaryimage"},"image":{"@id":"https:\/\/comtrade.es\/en\/mision-empresarial\/#primaryimage"},"thumbnailUrl":"http:\/\/comtrade.es\/wp-content\/uploads\/2022\/02\/JL5-Telco.jpg","datePublished":"2022-02-07T13:09:26+00:00","dateModified":"2022-02-15T19:23:33+00:00","description":"El principio de rentabilidad econ\u00f3mica en la contrataci\u00f3n de personal de \u00abplantilla\u00bb en las PYMEs origina inevitablemente una fuerte carga de trabajo entre sus directivos.","breadcrumb":{"@id":"https:\/\/comtrade.es\/en\/mision-empresarial\/#breadcrumb"},"inLanguage":"en-GB","potentialAction":[{"@type":"ReadAction","target":["https:\/\/comtrade.es\/en\/mision-empresarial\/"]}]},{"@type":"ImageObject","inLanguage":"en-GB","@id":"https:\/\/comtrade.es\/en\/mision-empresarial\/#primaryimage","url":"http:\/\/comtrade.es\/wp-content\/uploads\/2022\/02\/JL5-Telco.jpg","contentUrl":"http:\/\/comtrade.es\/wp-content\/uploads\/2022\/02\/JL5-Telco.jpg"},{"@type":"BreadcrumbList","@id":"https:\/\/comtrade.es\/en\/mision-empresarial\/#breadcrumb","itemListElement":[{"@type":"ListItem","position":1,"name":"Portada","item":"https:\/\/comtrade.es\/en\/"},{"@type":"ListItem","position":2,"name":"Misi\u00f3n Empresarial | Comtrade \u2013 JL5 Gesti\u00f3n Internacional\u00a0"}]},{"@type":"WebSite","@id":"https:\/\/comtrade.es\/es\/#website","url":"https:\/\/comtrade.es\/es\/","name":"","description":"","publisher":{"@id":"https:\/\/comtrade.es\/es\/#organization"},"potentialAction":[{"@type":"SearchAction","target":{"@type":"EntryPoint","urlTemplate":"https:\/\/comtrade.es\/es\/?s={search_term_string}"},"query-input":{"@type":"PropertyValueSpecification","valueRequired":true,"valueName":"search_term_string"}}],"inLanguage":"en-GB"},{"@type":"Organization","@id":"https:\/\/comtrade.es\/es\/#organization","name":"JL5","url":"https:\/\/comtrade.es\/es\/","logo":{"@type":"ImageObject","inLanguage":"en-GB","@id":"https:\/\/comtrade.es\/es\/#\/schema\/logo\/image\/","url":"http:\/\/comtrade.es\/wp-content\/uploads\/2022\/02\/LogotipoJL5GESTION_webCambiadoColor-1.jpg","contentUrl":"http:\/\/comtrade.es\/wp-content\/uploads\/2022\/02\/LogotipoJL5GESTION_webCambiadoColor-1.jpg","width":150,"height":113,"caption":"JL5"},"image":{"@id":"https:\/\/comtrade.es\/es\/#\/schema\/logo\/image\/"}}]}},"_links":{"self":[{"href":"https:\/\/comtrade.es\/en\/wp-json\/wp\/v2\/pages\/561","targetHints":{"allow":["GET"]}}],"collection":[{"href":"https:\/\/comtrade.es\/en\/wp-json\/wp\/v2\/pages"}],"about":[{"href":"https:\/\/comtrade.es\/en\/wp-json\/wp\/v2\/types\/page"}],"author":[{"embeddable":true,"href":"https:\/\/comtrade.es\/en\/wp-json\/wp\/v2\/users\/1"}],"replies":[{"embeddable":true,"href":"https:\/\/comtrade.es\/en\/wp-json\/wp\/v2\/comments?post=561"}],"version-history":[{"count":0,"href":"https:\/\/comtrade.es\/en\/wp-json\/wp\/v2\/pages\/561\/revisions"}],"wp:attachment":[{"href":"https:\/\/comtrade.es\/en\/wp-json\/wp\/v2\/media?parent=561"}],"curies":[{"name":"wp","href":"https:\/\/api.w.org\/{rel}","templated":true}]}}